{"id":4592,"date":"2025-12-19T15:11:24","date_gmt":"2025-12-19T14:11:24","guid":{"rendered":"https:\/\/ineosclubhouse.com\/?post_type=product&#038;p=4592"},"modified":"2025-12-19T15:12:22","modified_gmt":"2025-12-19T14:12:22","slug":"porte-passeport","status":"publish","type":"product","link":"https:\/\/ineosclubhouse.com\/en\/product\/porte-passeport\/","title":{"rendered":"Porte passeport"},"content":{"rendered":"<p>Porte feuille en similicuir brun \u00e9l\u00e9gant, marqu\u00e9 du blason emboss\u00e9 CDS Courchevel. L&rsquo;accessoire chic et discret.<\/p>","protected":false},"excerpt":{"rendered":"<p>Porte feuille en similicuir brun \u00e9l\u00e9gant, marqu\u00e9 du blason emboss\u00e9 CDS Courchevel<\/p>","protected":false},"featured_media":4544,"comment_status":"closed","ping_status":"closed","template":"","meta":{"_acf_changed":false},"product_brand":[],"product_cat":[15],"product_tag":[],"class_list":{"0":"post-4592","1":"product","2":"type-product","3":"status-publish","4":"has-post-thumbnail","6":"product_cat-non-classe","8":"first","9":"instock","10":"taxable","11":"shipping-taxable","12":"purchasable","13":"product-type-simple"},"acf":[],"yoast_head":"<!-- This site is optimized with the Yoast SEO plugin v27.3 - https:\/\/yoast.com\/product\/yoast-seo-wordpress\/ -->\n<title>Porte passeport - Ineos Club House<\/title>\n<meta name=\"robots\" content=\"index, follow, max-snippet:-1, max-image-preview:large, max-video-preview:-1\" \/>\n<link rel=\"canonical\" href=\"https:\/\/ineosclubhouse.com\/en\/product\/porte-passeport\/\" \/>\n<meta property=\"og:locale\" content=\"en_GB\" \/>\n<meta property=\"og:type\" content=\"article\" \/>\n<meta property=\"og:title\" content=\"Porte passeport - Ineos Club House\" \/>\n<meta property=\"og:description\" content=\"Porte feuille en similicuir brun \u00e9l\u00e9gant, marqu\u00e9 du blason emboss\u00e9 CDS Courchevel\" \/>\n<meta property=\"og:url\" content=\"https:\/\/ineosclubhouse.com\/en\/product\/porte-passeport\/\" \/>\n<meta property=\"og:site_name\" content=\"Ineos Club House\" \/>\n<meta property=\"article:modified_time\" content=\"2025-12-19T14:12:22+00:00\" \/>\n<meta property=\"og:image\" content=\"https:\/\/ineosclubhouse.com\/wp-content\/uploads\/2025\/12\/WhatsApp-Image-2025-12-10-at-09.13.58-4.jpeg\" \/>\n\t<meta property=\"og:image:width\" content=\"1536\" \/>\n\t<meta property=\"og:image:height\" content=\"2048\" \/>\n\t<meta property=\"og:image:type\" content=\"image\/jpeg\" \/>\n<meta name=\"twitter:card\" content=\"summary_large_image\" \/>\n<meta name=\"twitter:label1\" content=\"Estimated reading time\" \/>\n\t<meta name=\"twitter:data1\" content=\"1 minute\" \/>\n<script type=\"application\/ld+json\" class=\"yoast-schema-graph\">{\"@context\":\"https:\\\/\\\/schema.org\",\"@graph\":[{\"@type\":\"WebPage\",\"@id\":\"https:\\\/\\\/ineosclubhouse.com\\\/produit\\\/porte-passeport\\\/\",\"url\":\"https:\\\/\\\/ineosclubhouse.com\\\/produit\\\/porte-passeport\\\/\",\"name\":\"Porte passeport - Ineos Club House\",\"isPartOf\":{\"@id\":\"https:\\\/\\\/ineosclubhouse.com\\\/#website\"},\"primaryImageOfPage\":{\"@id\":\"https:\\\/\\\/ineosclubhouse.com\\\/produit\\\/porte-passeport\\\/#primaryimage\"},\"image\":{\"@id\":\"https:\\\/\\\/ineosclubhouse.com\\\/produit\\\/porte-passeport\\\/#primaryimage\"},\"thumbnailUrl\":\"https:\\\/\\\/ineosclubhouse.com\\\/wp-content\\\/uploads\\\/2025\\\/12\\\/WhatsApp-Image-2025-12-10-at-09.13.58-4.jpeg\",\"datePublished\":\"2025-12-19T14:11:24+00:00\",\"dateModified\":\"2025-12-19T14:12:22+00:00\",\"breadcrumb\":{\"@id\":\"https:\\\/\\\/ineosclubhouse.com\\\/produit\\\/porte-passeport\\\/#breadcrumb\"},\"inLanguage\":\"en-GB\",\"potentialAction\":[{\"@type\":\"ReadAction\",\"target\":[\"https:\\\/\\\/ineosclubhouse.com\\\/produit\\\/porte-passeport\\\/\"]}]},{\"@type\":\"ImageObject\",\"inLanguage\":\"en-GB\",\"@id\":\"https:\\\/\\\/ineosclubhouse.com\\\/produit\\\/porte-passeport\\\/#primaryimage\",\"url\":\"https:\\\/\\\/ineosclubhouse.com\\\/wp-content\\\/uploads\\\/2025\\\/12\\\/WhatsApp-Image-2025-12-10-at-09.13.58-4.jpeg\",\"contentUrl\":\"https:\\\/\\\/ineosclubhouse.com\\\/wp-content\\\/uploads\\\/2025\\\/12\\\/WhatsApp-Image-2025-12-10-at-09.13.58-4.jpeg\",\"width\":1536,\"height\":2048},{\"@type\":\"BreadcrumbList\",\"@id\":\"https:\\\/\\\/ineosclubhouse.com\\\/produit\\\/porte-passeport\\\/#breadcrumb\",\"itemListElement\":[{\"@type\":\"ListItem\",\"position\":1,\"name\":\"Accueil\",\"item\":\"https:\\\/\\\/ineosclubhouse.com\\\/\"},{\"@type\":\"ListItem\",\"position\":2,\"name\":\"Boutique\",\"item\":\"https:\\\/\\\/ineosclubhouse.com\\\/boutique\\\/\"},{\"@type\":\"ListItem\",\"position\":3,\"name\":\"Porte passeport\"}]},{\"@type\":\"WebSite\",\"@id\":\"https:\\\/\\\/ineosclubhouse.com\\\/#website\",\"url\":\"https:\\\/\\\/ineosclubhouse.com\\\/\",\"name\":\"Ineos Club House\",\"description\":\"Station \u00e0 Courchevel\",\"potentialAction\":[{\"@type\":\"SearchAction\",\"target\":{\"@type\":\"EntryPoint\",\"urlTemplate\":\"https:\\\/\\\/ineosclubhouse.com\\\/?s={search_term_string}\"},\"query-input\":{\"@type\":\"PropertyValueSpecification\",\"valueRequired\":true,\"valueName\":\"search_term_string\"}}],\"inLanguage\":\"en-GB\"}]}<\/script>\n<!-- \/ Yoast SEO plugin. -->","yoast_head_json":{"title":"Porte passeport - Ineos Club House","robots":{"index":"index","follow":"follow","max-snippet":"max-snippet:-1","max-image-preview":"max-image-preview:large","max-video-preview":"max-video-preview:-1"},"canonical":"https:\/\/ineosclubhouse.com\/en\/product\/porte-passeport\/","og_locale":"en_GB","og_type":"article","og_title":"Porte passeport - Ineos Club House","og_description":"Porte feuille en similicuir brun \u00e9l\u00e9gant, marqu\u00e9 du blason emboss\u00e9 CDS Courchevel","og_url":"https:\/\/ineosclubhouse.com\/en\/product\/porte-passeport\/","og_site_name":"Ineos Club House","article_modified_time":"2025-12-19T14:12:22+00:00","og_image":[{"width":1536,"height":2048,"url":"https:\/\/ineosclubhouse.com\/wp-content\/uploads\/2025\/12\/WhatsApp-Image-2025-12-10-at-09.13.58-4.jpeg","type":"image\/jpeg"}],"twitter_card":"summary_large_image","twitter_misc":{"Estimated reading time":"1 minute"},"schema":{"@context":"https:\/\/schema.org","@graph":[{"@type":"WebPage","@id":"https:\/\/ineosclubhouse.com\/produit\/porte-passeport\/","url":"https:\/\/ineosclubhouse.com\/produit\/porte-passeport\/","name":"Porte passeport - Ineos Club House","isPartOf":{"@id":"https:\/\/ineosclubhouse.com\/#website"},"primaryImageOfPage":{"@id":"https:\/\/ineosclubhouse.com\/produit\/porte-passeport\/#primaryimage"},"image":{"@id":"https:\/\/ineosclubhouse.com\/produit\/porte-passeport\/#primaryimage"},"thumbnailUrl":"https:\/\/ineosclubhouse.com\/wp-content\/uploads\/2025\/12\/WhatsApp-Image-2025-12-10-at-09.13.58-4.jpeg","datePublished":"2025-12-19T14:11:24+00:00","dateModified":"2025-12-19T14:12:22+00:00","breadcrumb":{"@id":"https:\/\/ineosclubhouse.com\/produit\/porte-passeport\/#breadcrumb"},"inLanguage":"en-GB","potentialAction":[{"@type":"ReadAction","target":["https:\/\/ineosclubhouse.com\/produit\/porte-passeport\/"]}]},{"@type":"ImageObject","inLanguage":"en-GB","@id":"https:\/\/ineosclubhouse.com\/produit\/porte-passeport\/#primaryimage","url":"https:\/\/ineosclubhouse.com\/wp-content\/uploads\/2025\/12\/WhatsApp-Image-2025-12-10-at-09.13.58-4.jpeg","contentUrl":"https:\/\/ineosclubhouse.com\/wp-content\/uploads\/2025\/12\/WhatsApp-Image-2025-12-10-at-09.13.58-4.jpeg","width":1536,"height":2048},{"@type":"BreadcrumbList","@id":"https:\/\/ineosclubhouse.com\/produit\/porte-passeport\/#breadcrumb","itemListElement":[{"@type":"ListItem","position":1,"name":"Accueil","item":"https:\/\/ineosclubhouse.com\/"},{"@type":"ListItem","position":2,"name":"Boutique","item":"https:\/\/ineosclubhouse.com\/boutique\/"},{"@type":"ListItem","position":3,"name":"Porte passeport"}]},{"@type":"WebSite","@id":"https:\/\/ineosclubhouse.com\/#website","url":"https:\/\/ineosclubhouse.com\/","name":"Ineos Club House","description":"Resort in Courchevel","potentialAction":[{"@type":"SearchAction","target":{"@type":"EntryPoint","urlTemplate":"https:\/\/ineosclubhouse.com\/?s={search_term_string}"},"query-input":{"@type":"PropertyValueSpecification","valueRequired":true,"valueName":"search_term_string"}}],"inLanguage":"en-GB"}]}},"_links":{"self":[{"href":"https:\/\/ineosclubhouse.com\/en\/wp-json\/wp\/v2\/product\/4592","targetHints":{"allow":["GET"]}}],"collection":[{"href":"https:\/\/ineosclubhouse.com\/en\/wp-json\/wp\/v2\/product"}],"about":[{"href":"https:\/\/ineosclubhouse.com\/en\/wp-json\/wp\/v2\/types\/product"}],"replies":[{"embeddable":true,"href":"https:\/\/ineosclubhouse.com\/en\/wp-json\/wp\/v2\/comments?post=4592"}],"version-history":[{"count":2,"href":"https:\/\/ineosclubhouse.com\/en\/wp-json\/wp\/v2\/product\/4592\/revisions"}],"predecessor-version":[{"id":4594,"href":"https:\/\/ineosclubhouse.com\/en\/wp-json\/wp\/v2\/product\/4592\/revisions\/4594"}],"wp:featuredmedia":[{"embeddable":true,"href":"https:\/\/ineosclubhouse.com\/en\/wp-json\/wp\/v2\/media\/4544"}],"wp:attachment":[{"href":"https:\/\/ineosclubhouse.com\/en\/wp-json\/wp\/v2\/media?parent=4592"}],"wp:term":[{"taxonomy":"product_brand","embeddable":true,"href":"https:\/\/ineosclubhouse.com\/en\/wp-json\/wp\/v2\/product_brand?post=4592"},{"taxonomy":"product_cat","embeddable":true,"href":"https:\/\/ineosclubhouse.com\/en\/wp-json\/wp\/v2\/product_cat?post=4592"},{"taxonomy":"product_tag","embeddable":true,"href":"https:\/\/ineosclubhouse.com\/en\/wp-json\/wp\/v2\/product_tag?post=4592"}],"curies":[{"name":"wp","href":"https:\/\/api.w.org\/{rel}","templated":true}]}}