{"id":4187,"date":"2024-01-11T15:00:34","date_gmt":"2024-01-11T14:00:34","guid":{"rendered":"https:\/\/ineosclubhouse.com\/?post_type=product&#038;p=4187"},"modified":"2025-12-19T15:19:11","modified_gmt":"2025-12-19T14:19:11","slug":"livre-alexis-pinturault","status":"publish","type":"product","link":"https:\/\/ineosclubhouse.com\/en\/product\/livre-alexis-pinturault\/","title":{"rendered":"Livre \u00ab\u00a0De l&rsquo;or au cristal\u00a0\u00bb par Alexis Pinturault"},"content":{"rendered":"<p>Dans ce livre, Alexis Pinturault partage son parcours et sa passion pour le ski alpin. Form\u00e9 \u00e0 Courchevel, le champion fran\u00e7ais livre anecdotes et moments forts dans un ouvrage inspirant pour tous les amoureux de la montagne.<\/p>","protected":false},"excerpt":{"rendered":"<p>Le champion de Courchevel se raconte : d\u00e9couvrez le livre d\u2019Alexis Pinturault !<\/p>","protected":false},"featured_media":4176,"comment_status":"closed","ping_status":"closed","template":"","meta":{"_acf_changed":false},"product_brand":[],"product_cat":[15],"product_tag":[],"class_list":{"0":"post-4187","1":"product","2":"type-product","3":"status-publish","4":"has-post-thumbnail","6":"product_cat-non-classe","8":"first","9":"instock","10":"taxable","11":"shipping-taxable","12":"purchasable","13":"product-type-simple"},"acf":[],"yoast_head":"<!-- This site is optimized with the Yoast SEO plugin v27.4 - https:\/\/yoast.com\/product\/yoast-seo-wordpress\/ -->\n<title>Livre &quot;De l&#039;or au cristal&quot; par Alexis Pinturault - Ineos Club House<\/title>\n<meta name=\"robots\" content=\"index, follow, max-snippet:-1, max-image-preview:large, max-video-preview:-1\" \/>\n<link rel=\"canonical\" href=\"https:\/\/ineosclubhouse.com\/en\/product\/livre-alexis-pinturault\/\" \/>\n<meta property=\"og:locale\" content=\"en_GB\" \/>\n<meta property=\"og:type\" content=\"article\" \/>\n<meta property=\"og:title\" content=\"Livre &quot;De l&#039;or au cristal&quot; par Alexis Pinturault - Ineos Club House\" \/>\n<meta property=\"og:description\" content=\"Le champion de Courchevel se raconte : d\u00e9couvrez le livre d\u2019Alexis Pinturault !\" \/>\n<meta property=\"og:url\" content=\"https:\/\/ineosclubhouse.com\/en\/product\/livre-alexis-pinturault\/\" \/>\n<meta property=\"og:site_name\" content=\"Ineos Club House\" \/>\n<meta property=\"article:modified_time\" content=\"2025-12-19T14:19:11+00:00\" \/>\n<meta property=\"og:image\" content=\"https:\/\/ineosclubhouse.com\/wp-content\/uploads\/2024\/01\/Livre-pinturault-1-1024x683.jpg\" \/>\n\t<meta property=\"og:image:width\" content=\"1024\" \/>\n\t<meta property=\"og:image:height\" content=\"683\" \/>\n\t<meta property=\"og:image:type\" content=\"image\/jpeg\" \/>\n<meta name=\"twitter:card\" content=\"summary_large_image\" \/>\n<meta name=\"twitter:label1\" content=\"Estimated reading time\" \/>\n\t<meta name=\"twitter:data1\" content=\"1 minute\" \/>\n<script type=\"application\/ld+json\" class=\"yoast-schema-graph\">{\"@context\":\"https:\\\/\\\/schema.org\",\"@graph\":[{\"@type\":\"WebPage\",\"@id\":\"https:\\\/\\\/ineosclubhouse.com\\\/produit\\\/livre-alexis-pinturault\\\/\",\"url\":\"https:\\\/\\\/ineosclubhouse.com\\\/produit\\\/livre-alexis-pinturault\\\/\",\"name\":\"Livre \\\"De l'or au cristal\\\" par Alexis Pinturault - Ineos Club House\",\"isPartOf\":{\"@id\":\"https:\\\/\\\/ineosclubhouse.com\\\/#website\"},\"primaryImageOfPage\":{\"@id\":\"https:\\\/\\\/ineosclubhouse.com\\\/produit\\\/livre-alexis-pinturault\\\/#primaryimage\"},\"image\":{\"@id\":\"https:\\\/\\\/ineosclubhouse.com\\\/produit\\\/livre-alexis-pinturault\\\/#primaryimage\"},\"thumbnailUrl\":\"https:\\\/\\\/ineosclubhouse.com\\\/wp-content\\\/uploads\\\/2024\\\/01\\\/Livre-pinturault-1.jpg\",\"datePublished\":\"2024-01-11T14:00:34+00:00\",\"dateModified\":\"2025-12-19T14:19:11+00:00\",\"breadcrumb\":{\"@id\":\"https:\\\/\\\/ineosclubhouse.com\\\/produit\\\/livre-alexis-pinturault\\\/#breadcrumb\"},\"inLanguage\":\"en-GB\",\"potentialAction\":[{\"@type\":\"ReadAction\",\"target\":[\"https:\\\/\\\/ineosclubhouse.com\\\/produit\\\/livre-alexis-pinturault\\\/\"]}]},{\"@type\":\"ImageObject\",\"inLanguage\":\"en-GB\",\"@id\":\"https:\\\/\\\/ineosclubhouse.com\\\/produit\\\/livre-alexis-pinturault\\\/#primaryimage\",\"url\":\"https:\\\/\\\/ineosclubhouse.com\\\/wp-content\\\/uploads\\\/2024\\\/01\\\/Livre-pinturault-1.jpg\",\"contentUrl\":\"https:\\\/\\\/ineosclubhouse.com\\\/wp-content\\\/uploads\\\/2024\\\/01\\\/Livre-pinturault-1.jpg\",\"width\":1600,\"height\":1067},{\"@type\":\"BreadcrumbList\",\"@id\":\"https:\\\/\\\/ineosclubhouse.com\\\/produit\\\/livre-alexis-pinturault\\\/#breadcrumb\",\"itemListElement\":[{\"@type\":\"ListItem\",\"position\":1,\"name\":\"Accueil\",\"item\":\"https:\\\/\\\/ineosclubhouse.com\\\/\"},{\"@type\":\"ListItem\",\"position\":2,\"name\":\"Boutique\",\"item\":\"https:\\\/\\\/ineosclubhouse.com\\\/boutique\\\/\"},{\"@type\":\"ListItem\",\"position\":3,\"name\":\"Livre \u00ab\u00a0De l&rsquo;or au cristal\u00a0\u00bb par Alexis Pinturault\"}]},{\"@type\":\"WebSite\",\"@id\":\"https:\\\/\\\/ineosclubhouse.com\\\/#website\",\"url\":\"https:\\\/\\\/ineosclubhouse.com\\\/\",\"name\":\"Ineos Club House\",\"description\":\"Station \u00e0 Courchevel\",\"potentialAction\":[{\"@type\":\"SearchAction\",\"target\":{\"@type\":\"EntryPoint\",\"urlTemplate\":\"https:\\\/\\\/ineosclubhouse.com\\\/?s={search_term_string}\"},\"query-input\":{\"@type\":\"PropertyValueSpecification\",\"valueRequired\":true,\"valueName\":\"search_term_string\"}}],\"inLanguage\":\"en-GB\"}]}<\/script>\n<!-- \/ Yoast SEO plugin. -->","yoast_head_json":{"title":"Livre \"De l'or au cristal\" par Alexis Pinturault - Ineos Club House","robots":{"index":"index","follow":"follow","max-snippet":"max-snippet:-1","max-image-preview":"max-image-preview:large","max-video-preview":"max-video-preview:-1"},"canonical":"https:\/\/ineosclubhouse.com\/en\/product\/livre-alexis-pinturault\/","og_locale":"en_GB","og_type":"article","og_title":"Livre \"De l'or au cristal\" par Alexis Pinturault - Ineos Club House","og_description":"Le champion de Courchevel se raconte : d\u00e9couvrez le livre d\u2019Alexis Pinturault !","og_url":"https:\/\/ineosclubhouse.com\/en\/product\/livre-alexis-pinturault\/","og_site_name":"Ineos Club House","article_modified_time":"2025-12-19T14:19:11+00:00","og_image":[{"width":1024,"height":683,"url":"https:\/\/ineosclubhouse.com\/wp-content\/uploads\/2024\/01\/Livre-pinturault-1-1024x683.jpg","type":"image\/jpeg"}],"twitter_card":"summary_large_image","twitter_misc":{"Estimated reading time":"1 minute"},"schema":{"@context":"https:\/\/schema.org","@graph":[{"@type":"WebPage","@id":"https:\/\/ineosclubhouse.com\/produit\/livre-alexis-pinturault\/","url":"https:\/\/ineosclubhouse.com\/produit\/livre-alexis-pinturault\/","name":"Livre \"De l'or au cristal\" par Alexis Pinturault - Ineos Club House","isPartOf":{"@id":"https:\/\/ineosclubhouse.com\/#website"},"primaryImageOfPage":{"@id":"https:\/\/ineosclubhouse.com\/produit\/livre-alexis-pinturault\/#primaryimage"},"image":{"@id":"https:\/\/ineosclubhouse.com\/produit\/livre-alexis-pinturault\/#primaryimage"},"thumbnailUrl":"https:\/\/ineosclubhouse.com\/wp-content\/uploads\/2024\/01\/Livre-pinturault-1.jpg","datePublished":"2024-01-11T14:00:34+00:00","dateModified":"2025-12-19T14:19:11+00:00","breadcrumb":{"@id":"https:\/\/ineosclubhouse.com\/produit\/livre-alexis-pinturault\/#breadcrumb"},"inLanguage":"en-GB","potentialAction":[{"@type":"ReadAction","target":["https:\/\/ineosclubhouse.com\/produit\/livre-alexis-pinturault\/"]}]},{"@type":"ImageObject","inLanguage":"en-GB","@id":"https:\/\/ineosclubhouse.com\/produit\/livre-alexis-pinturault\/#primaryimage","url":"https:\/\/ineosclubhouse.com\/wp-content\/uploads\/2024\/01\/Livre-pinturault-1.jpg","contentUrl":"https:\/\/ineosclubhouse.com\/wp-content\/uploads\/2024\/01\/Livre-pinturault-1.jpg","width":1600,"height":1067},{"@type":"BreadcrumbList","@id":"https:\/\/ineosclubhouse.com\/produit\/livre-alexis-pinturault\/#breadcrumb","itemListElement":[{"@type":"ListItem","position":1,"name":"Accueil","item":"https:\/\/ineosclubhouse.com\/"},{"@type":"ListItem","position":2,"name":"Boutique","item":"https:\/\/ineosclubhouse.com\/boutique\/"},{"@type":"ListItem","position":3,"name":"Livre \u00ab\u00a0De l&rsquo;or au cristal\u00a0\u00bb par Alexis Pinturault"}]},{"@type":"WebSite","@id":"https:\/\/ineosclubhouse.com\/#website","url":"https:\/\/ineosclubhouse.com\/","name":"Ineos Club House","description":"Resort in Courchevel","potentialAction":[{"@type":"SearchAction","target":{"@type":"EntryPoint","urlTemplate":"https:\/\/ineosclubhouse.com\/?s={search_term_string}"},"query-input":{"@type":"PropertyValueSpecification","valueRequired":true,"valueName":"search_term_string"}}],"inLanguage":"en-GB"}]}},"_links":{"self":[{"href":"https:\/\/ineosclubhouse.com\/en\/wp-json\/wp\/v2\/product\/4187","targetHints":{"allow":["GET"]}}],"collection":[{"href":"https:\/\/ineosclubhouse.com\/en\/wp-json\/wp\/v2\/product"}],"about":[{"href":"https:\/\/ineosclubhouse.com\/en\/wp-json\/wp\/v2\/types\/product"}],"replies":[{"embeddable":true,"href":"https:\/\/ineosclubhouse.com\/en\/wp-json\/wp\/v2\/comments?post=4187"}],"version-history":[{"count":3,"href":"https:\/\/ineosclubhouse.com\/en\/wp-json\/wp\/v2\/product\/4187\/revisions"}],"predecessor-version":[{"id":4596,"href":"https:\/\/ineosclubhouse.com\/en\/wp-json\/wp\/v2\/product\/4187\/revisions\/4596"}],"wp:featuredmedia":[{"embeddable":true,"href":"https:\/\/ineosclubhouse.com\/en\/wp-json\/wp\/v2\/media\/4176"}],"wp:attachment":[{"href":"https:\/\/ineosclubhouse.com\/en\/wp-json\/wp\/v2\/media?parent=4187"}],"wp:term":[{"taxonomy":"product_brand","embeddable":true,"href":"https:\/\/ineosclubhouse.com\/en\/wp-json\/wp\/v2\/product_brand?post=4187"},{"taxonomy":"product_cat","embeddable":true,"href":"https:\/\/ineosclubhouse.com\/en\/wp-json\/wp\/v2\/product_cat?post=4187"},{"taxonomy":"product_tag","embeddable":true,"href":"https:\/\/ineosclubhouse.com\/en\/wp-json\/wp\/v2\/product_tag?post=4187"}],"curies":[{"name":"wp","href":"https:\/\/api.w.org\/{rel}","templated":true}]}}