{"id":4183,"date":"2024-01-11T14:58:51","date_gmt":"2024-01-11T13:58:51","guid":{"rendered":"https:\/\/ineosclubhouse.com\/?post_type=product&#038;p=4183"},"modified":"2025-12-19T15:31:31","modified_gmt":"2025-12-19T14:31:31","slug":"porte-cartes","status":"publish","type":"product","link":"https:\/\/ineosclubhouse.com\/en\/product\/porte-cartes\/","title":{"rendered":"Card holder"},"content":{"rendered":"<p>Un porte\u2011cartes \u00e9l\u00e9gant et pratique pour garder vos essentiels \u00e0 port\u00e9e de main. Compact et fonctionnel, il vous accompagne sur les pistes comme au quotidien. Un accessoire sobre et raffin\u00e9, id\u00e9al en toute circonstance.<\/p>","protected":false},"excerpt":{"rendered":"<p>Un porte\u2011cartes \u00e9l\u00e9gant et pratique pour garder vos essentiels \u00e0 port\u00e9e de main. Compact et fonctionnel, il vous accompagne sur les pistes comme au quotidien. Un accessoire sobre et raffin\u00e9, id\u00e9al en toute circonstance.Un porte\u2011cartes \u00e9l\u00e9gant et pratique, pens\u00e9 pour garder vos essentiels \u00e0 port\u00e9e de main, sur les pistes comme en ville.<\/p>","protected":false},"featured_media":3421,"comment_status":"closed","ping_status":"closed","template":"","meta":{"_acf_changed":false},"product_brand":[],"product_cat":[15],"product_tag":[],"class_list":{"0":"post-4183","1":"product","2":"type-product","3":"status-publish","4":"has-post-thumbnail","6":"product_cat-non-classe","8":"first","9":"instock","10":"taxable","11":"shipping-taxable","12":"purchasable","13":"product-type-simple"},"acf":[],"yoast_head":"<!-- This site is optimized with the Yoast SEO plugin v27.4 - https:\/\/yoast.com\/product\/yoast-seo-wordpress\/ -->\n<title>Porte Cartes - Ineos Club House<\/title>\n<meta name=\"robots\" content=\"index, follow, max-snippet:-1, max-image-preview:large, max-video-preview:-1\" \/>\n<link rel=\"canonical\" href=\"https:\/\/ineosclubhouse.com\/en\/product\/porte-cartes\/\" \/>\n<meta property=\"og:locale\" content=\"en_GB\" \/>\n<meta property=\"og:type\" content=\"article\" \/>\n<meta property=\"og:title\" content=\"Porte Cartes - Ineos Club House\" \/>\n<meta property=\"og:description\" content=\"Un porte\u2011cartes \u00e9l\u00e9gant et pratique pour garder vos essentiels \u00e0 port\u00e9e de main. Compact et fonctionnel, il vous accompagne sur les pistes comme au quotidien. Un accessoire sobre et raffin\u00e9, id\u00e9al en toute circonstance.Un porte\u2011cartes \u00e9l\u00e9gant et pratique, pens\u00e9 pour garder vos essentiels \u00e0 port\u00e9e de main, sur les pistes comme en ville.\" \/>\n<meta property=\"og:url\" content=\"https:\/\/ineosclubhouse.com\/en\/product\/porte-cartes\/\" \/>\n<meta property=\"og:site_name\" content=\"Ineos Club House\" \/>\n<meta property=\"article:modified_time\" content=\"2025-12-19T14:31:31+00:00\" \/>\n<meta property=\"og:image\" content=\"https:\/\/ineosclubhouse.com\/wp-content\/uploads\/2022\/12\/DSC_0155-1024x683.jpg\" \/>\n\t<meta property=\"og:image:width\" content=\"1024\" \/>\n\t<meta property=\"og:image:height\" content=\"683\" \/>\n\t<meta property=\"og:image:type\" content=\"image\/jpeg\" \/>\n<meta name=\"twitter:card\" content=\"summary_large_image\" \/>\n<meta name=\"twitter:label1\" content=\"Estimated reading time\" \/>\n\t<meta name=\"twitter:data1\" content=\"1 minute\" \/>\n<script type=\"application\/ld+json\" class=\"yoast-schema-graph\">{\"@context\":\"https:\\\/\\\/schema.org\",\"@graph\":[{\"@type\":\"WebPage\",\"@id\":\"https:\\\/\\\/ineosclubhouse.com\\\/produit\\\/porte-cartes\\\/\",\"url\":\"https:\\\/\\\/ineosclubhouse.com\\\/produit\\\/porte-cartes\\\/\",\"name\":\"Porte Cartes - Ineos Club House\",\"isPartOf\":{\"@id\":\"https:\\\/\\\/ineosclubhouse.com\\\/#website\"},\"primaryImageOfPage\":{\"@id\":\"https:\\\/\\\/ineosclubhouse.com\\\/produit\\\/porte-cartes\\\/#primaryimage\"},\"image\":{\"@id\":\"https:\\\/\\\/ineosclubhouse.com\\\/produit\\\/porte-cartes\\\/#primaryimage\"},\"thumbnailUrl\":\"https:\\\/\\\/ineosclubhouse.com\\\/wp-content\\\/uploads\\\/2022\\\/12\\\/DSC_0155.jpg\",\"datePublished\":\"2024-01-11T13:58:51+00:00\",\"dateModified\":\"2025-12-19T14:31:31+00:00\",\"breadcrumb\":{\"@id\":\"https:\\\/\\\/ineosclubhouse.com\\\/produit\\\/porte-cartes\\\/#breadcrumb\"},\"inLanguage\":\"en-GB\",\"potentialAction\":[{\"@type\":\"ReadAction\",\"target\":[\"https:\\\/\\\/ineosclubhouse.com\\\/produit\\\/porte-cartes\\\/\"]}]},{\"@type\":\"ImageObject\",\"inLanguage\":\"en-GB\",\"@id\":\"https:\\\/\\\/ineosclubhouse.com\\\/produit\\\/porte-cartes\\\/#primaryimage\",\"url\":\"https:\\\/\\\/ineosclubhouse.com\\\/wp-content\\\/uploads\\\/2022\\\/12\\\/DSC_0155.jpg\",\"contentUrl\":\"https:\\\/\\\/ineosclubhouse.com\\\/wp-content\\\/uploads\\\/2022\\\/12\\\/DSC_0155.jpg\",\"width\":4608,\"height\":3072},{\"@type\":\"BreadcrumbList\",\"@id\":\"https:\\\/\\\/ineosclubhouse.com\\\/produit\\\/porte-cartes\\\/#breadcrumb\",\"itemListElement\":[{\"@type\":\"ListItem\",\"position\":1,\"name\":\"Accueil\",\"item\":\"https:\\\/\\\/ineosclubhouse.com\\\/\"},{\"@type\":\"ListItem\",\"position\":2,\"name\":\"Boutique\",\"item\":\"https:\\\/\\\/ineosclubhouse.com\\\/boutique\\\/\"},{\"@type\":\"ListItem\",\"position\":3,\"name\":\"Porte Cartes\"}]},{\"@type\":\"WebSite\",\"@id\":\"https:\\\/\\\/ineosclubhouse.com\\\/#website\",\"url\":\"https:\\\/\\\/ineosclubhouse.com\\\/\",\"name\":\"Ineos Club House\",\"description\":\"Station \u00e0 Courchevel\",\"potentialAction\":[{\"@type\":\"SearchAction\",\"target\":{\"@type\":\"EntryPoint\",\"urlTemplate\":\"https:\\\/\\\/ineosclubhouse.com\\\/?s={search_term_string}\"},\"query-input\":{\"@type\":\"PropertyValueSpecification\",\"valueRequired\":true,\"valueName\":\"search_term_string\"}}],\"inLanguage\":\"en-GB\"}]}<\/script>\n<!-- \/ Yoast SEO plugin. -->","yoast_head_json":{"title":"Porte Cartes - Ineos Club House","robots":{"index":"index","follow":"follow","max-snippet":"max-snippet:-1","max-image-preview":"max-image-preview:large","max-video-preview":"max-video-preview:-1"},"canonical":"https:\/\/ineosclubhouse.com\/en\/product\/porte-cartes\/","og_locale":"en_GB","og_type":"article","og_title":"Porte Cartes - Ineos Club House","og_description":"Un porte\u2011cartes \u00e9l\u00e9gant et pratique pour garder vos essentiels \u00e0 port\u00e9e de main. Compact et fonctionnel, il vous accompagne sur les pistes comme au quotidien. Un accessoire sobre et raffin\u00e9, id\u00e9al en toute circonstance.Un porte\u2011cartes \u00e9l\u00e9gant et pratique, pens\u00e9 pour garder vos essentiels \u00e0 port\u00e9e de main, sur les pistes comme en ville.","og_url":"https:\/\/ineosclubhouse.com\/en\/product\/porte-cartes\/","og_site_name":"Ineos Club House","article_modified_time":"2025-12-19T14:31:31+00:00","og_image":[{"width":1024,"height":683,"url":"https:\/\/ineosclubhouse.com\/wp-content\/uploads\/2022\/12\/DSC_0155-1024x683.jpg","type":"image\/jpeg"}],"twitter_card":"summary_large_image","twitter_misc":{"Estimated reading time":"1 minute"},"schema":{"@context":"https:\/\/schema.org","@graph":[{"@type":"WebPage","@id":"https:\/\/ineosclubhouse.com\/produit\/porte-cartes\/","url":"https:\/\/ineosclubhouse.com\/produit\/porte-cartes\/","name":"Porte Cartes - Ineos Club House","isPartOf":{"@id":"https:\/\/ineosclubhouse.com\/#website"},"primaryImageOfPage":{"@id":"https:\/\/ineosclubhouse.com\/produit\/porte-cartes\/#primaryimage"},"image":{"@id":"https:\/\/ineosclubhouse.com\/produit\/porte-cartes\/#primaryimage"},"thumbnailUrl":"https:\/\/ineosclubhouse.com\/wp-content\/uploads\/2022\/12\/DSC_0155.jpg","datePublished":"2024-01-11T13:58:51+00:00","dateModified":"2025-12-19T14:31:31+00:00","breadcrumb":{"@id":"https:\/\/ineosclubhouse.com\/produit\/porte-cartes\/#breadcrumb"},"inLanguage":"en-GB","potentialAction":[{"@type":"ReadAction","target":["https:\/\/ineosclubhouse.com\/produit\/porte-cartes\/"]}]},{"@type":"ImageObject","inLanguage":"en-GB","@id":"https:\/\/ineosclubhouse.com\/produit\/porte-cartes\/#primaryimage","url":"https:\/\/ineosclubhouse.com\/wp-content\/uploads\/2022\/12\/DSC_0155.jpg","contentUrl":"https:\/\/ineosclubhouse.com\/wp-content\/uploads\/2022\/12\/DSC_0155.jpg","width":4608,"height":3072},{"@type":"BreadcrumbList","@id":"https:\/\/ineosclubhouse.com\/produit\/porte-cartes\/#breadcrumb","itemListElement":[{"@type":"ListItem","position":1,"name":"Accueil","item":"https:\/\/ineosclubhouse.com\/"},{"@type":"ListItem","position":2,"name":"Boutique","item":"https:\/\/ineosclubhouse.com\/boutique\/"},{"@type":"ListItem","position":3,"name":"Porte Cartes"}]},{"@type":"WebSite","@id":"https:\/\/ineosclubhouse.com\/#website","url":"https:\/\/ineosclubhouse.com\/","name":"Ineos Club House","description":"Resort in Courchevel","potentialAction":[{"@type":"SearchAction","target":{"@type":"EntryPoint","urlTemplate":"https:\/\/ineosclubhouse.com\/?s={search_term_string}"},"query-input":{"@type":"PropertyValueSpecification","valueRequired":true,"valueName":"search_term_string"}}],"inLanguage":"en-GB"}]}},"_links":{"self":[{"href":"https:\/\/ineosclubhouse.com\/en\/wp-json\/wp\/v2\/product\/4183","targetHints":{"allow":["GET"]}}],"collection":[{"href":"https:\/\/ineosclubhouse.com\/en\/wp-json\/wp\/v2\/product"}],"about":[{"href":"https:\/\/ineosclubhouse.com\/en\/wp-json\/wp\/v2\/types\/product"}],"replies":[{"embeddable":true,"href":"https:\/\/ineosclubhouse.com\/en\/wp-json\/wp\/v2\/comments?post=4183"}],"version-history":[{"count":4,"href":"https:\/\/ineosclubhouse.com\/en\/wp-json\/wp\/v2\/product\/4183\/revisions"}],"predecessor-version":[{"id":4598,"href":"https:\/\/ineosclubhouse.com\/en\/wp-json\/wp\/v2\/product\/4183\/revisions\/4598"}],"wp:featuredmedia":[{"embeddable":true,"href":"https:\/\/ineosclubhouse.com\/en\/wp-json\/wp\/v2\/media\/3421"}],"wp:attachment":[{"href":"https:\/\/ineosclubhouse.com\/en\/wp-json\/wp\/v2\/media?parent=4183"}],"wp:term":[{"taxonomy":"product_brand","embeddable":true,"href":"https:\/\/ineosclubhouse.com\/en\/wp-json\/wp\/v2\/product_brand?post=4183"},{"taxonomy":"product_cat","embeddable":true,"href":"https:\/\/ineosclubhouse.com\/en\/wp-json\/wp\/v2\/product_cat?post=4183"},{"taxonomy":"product_tag","embeddable":true,"href":"https:\/\/ineosclubhouse.com\/en\/wp-json\/wp\/v2\/product_tag?post=4183"}],"curies":[{"name":"wp","href":"https:\/\/api.w.org\/{rel}","templated":true}]}}