{"id":904,"date":"2021-12-02T14:45:56","date_gmt":"2021-12-02T13:45:56","guid":{"rendered":"https:\/\/ineosclubhouse.com\/?page_id=904"},"modified":"2021-12-09T10:30:23","modified_gmt":"2021-12-09T09:30:23","slug":"plan-et-acces","status":"publish","type":"page","link":"https:\/\/ineosclubhouse.com\/en\/plan-et-acces\/","title":{"rendered":"Map &amp; Access"},"content":{"rendered":"<div data-elementor-type=\"wp-page\" data-elementor-id=\"904\" class=\"elementor elementor-904\" data-elementor-post-type=\"page\">\n\t\t\t\t\t\t<section class=\"ob-is-breaking-bad elementor-section elementor-top-section elementor-element elementor-element-795c143 elementor-section-full_width elementor-section-height-min-height elementor-section-items-bottom elementor-section-height-default\" data-id=\"795c143\" data-element_type=\"section\" data-e-type=\"section\" data-settings=\"{&quot;background_background&quot;:&quot;classic&quot;,&quot;_ob_bbad_use_it&quot;:&quot;yes&quot;,&quot;_ob_bbad_sssic_use&quot;:&quot;no&quot;,&quot;_ob_glider_is_slider&quot;:&quot;no&quot;}\">\n\t\t\t\t\t\t<div class=\"elementor-container elementor-column-gap-no\">\n\t\t\t\t\t<div class=\"elementor-column elementor-col-100 elementor-top-column elementor-element elementor-element-9f7e005\" data-id=\"9f7e005\" data-element_type=\"column\" data-e-type=\"column\" data-settings=\"{&quot;_ob_bbad_is_stalker&quot;:&quot;no&quot;,&quot;_ob_teleporter_use&quot;:false,&quot;_ob_column_hoveranimator&quot;:&quot;no&quot;,&quot;_ob_column_has_pseudo&quot;:&quot;no&quot;}\">\n\t\t\t<div class=\"elementor-widget-wrap elementor-element-populated\">\n\t\t\t\t\t\t<div class=\"elementor-element elementor-element-082d33a elementor-widget-divider--view-line_text elementor-widget-divider--element-align-center ob-has-background-overlay elementor-widget elementor-widget-divider\" data-id=\"082d33a\" data-element_type=\"widget\" data-e-type=\"widget\" id=\"droite\" data-settings=\"{&quot;_ob_perspektive_use&quot;:&quot;no&quot;,&quot;_ob_poopart_use&quot;:&quot;yes&quot;,&quot;_ob_shadough_use&quot;:&quot;no&quot;,&quot;_ob_allow_hoveranimator&quot;:&quot;no&quot;,&quot;_ob_widget_stalker_use&quot;:&quot;no&quot;}\" data-widget_type=\"divider.default\">\n\t\t\t\t<div class=\"elementor-widget-container\">\n\t\t\t\t\t\t\t<div class=\"elementor-divider\">\n\t\t\t<span class=\"elementor-divider-separator\">\n\t\t\t\t\t\t\t<h1 class=\"elementor-divider__text elementor-divider__element\">\n\t\t\t\tGo to Ineos Club House\t\t\t\t<\/h1>\n\t\t\t\t\t\t<\/span>\n\t\t<\/div>\n\t\t\t\t\t\t<\/div>\n\t\t\t\t<\/div>\n\t\t\t\t\t<\/div>\n\t\t<\/div>\n\t\t\t\t\t<\/div>\n\t\t<\/section>\n\t\t\t\t<section class=\"ob-is-breaking-bad elementor-section elementor-top-section elementor-element elementor-element-8e89097 elementor-section-boxed elementor-section-height-default elementor-section-height-default\" data-id=\"8e89097\" data-element_type=\"section\" data-e-type=\"section\" data-settings=\"{&quot;_ob_bbad_use_it&quot;:&quot;yes&quot;,&quot;_ob_bbad_sssic_use&quot;:&quot;no&quot;,&quot;_ob_glider_is_slider&quot;:&quot;no&quot;}\">\n\t\t\t\t\t\t<div class=\"elementor-container elementor-column-gap-default\">\n\t\t\t\t\t<div class=\"elementor-column elementor-col-100 elementor-top-column elementor-element elementor-element-4dcaf36\" data-id=\"4dcaf36\" data-element_type=\"column\" data-e-type=\"column\" data-settings=\"{&quot;_ob_bbad_is_stalker&quot;:&quot;no&quot;,&quot;_ob_teleporter_use&quot;:false,&quot;_ob_column_hoveranimator&quot;:&quot;no&quot;,&quot;_ob_column_has_pseudo&quot;:&quot;no&quot;}\">\n\t\t\t<div class=\"elementor-widget-wrap elementor-element-populated\">\n\t\t\t\t\t\t<div class=\"elementor-element elementor-element-ccf156a ob-harakiri-inherit ob-has-background-overlay elementor-widget elementor-widget-heading\" data-id=\"ccf156a\" data-element_type=\"widget\" data-e-type=\"widget\" data-settings=\"{&quot;_ob_use_harakiri&quot;:&quot;yes&quot;,&quot;_ob_harakiri_writing_mode&quot;:&quot;inherit&quot;,&quot;_ob_harakiri_text_clip&quot;:&quot;none&quot;,&quot;_ob_perspektive_use&quot;:&quot;no&quot;,&quot;_ob_poopart_use&quot;:&quot;yes&quot;,&quot;_ob_shadough_use&quot;:&quot;no&quot;,&quot;_ob_allow_hoveranimator&quot;:&quot;no&quot;,&quot;_ob_widget_stalker_use&quot;:&quot;no&quot;}\" data-widget_type=\"heading.default\">\n\t\t\t\t<div class=\"elementor-widget-container\">\n\t\t\t\t\t<h2 class=\"elementor-heading-title elementor-size-default\">From the tracks or by car<\/h2>\t\t\t\t<\/div>\n\t\t\t\t<\/div>\n\t\t\t\t<div class=\"elementor-element elementor-element-8a5f24a ob-harakiri-inherit ob-has-background-overlay elementor-widget elementor-widget-text-editor\" data-id=\"8a5f24a\" data-element_type=\"widget\" data-e-type=\"widget\" data-settings=\"{&quot;_ob_use_harakiri&quot;:&quot;yes&quot;,&quot;_ob_harakiri_writing_mode&quot;:&quot;inherit&quot;,&quot;_ob_postman_use&quot;:&quot;no&quot;,&quot;_ob_perspektive_use&quot;:&quot;no&quot;,&quot;_ob_poopart_use&quot;:&quot;yes&quot;,&quot;_ob_shadough_use&quot;:&quot;no&quot;,&quot;_ob_allow_hoveranimator&quot;:&quot;no&quot;,&quot;_ob_widget_stalker_use&quot;:&quot;no&quot;}\" data-widget_type=\"text-editor.default\">\n\t\t\t\t<div class=\"elementor-widget-container\">\n\t\t\t\t\t\t\t\t\t<p>Ineos Club House is <b>easily accessible<\/b> on skis, on foot or by car!<\/p>\t\t\t\t\t\t\t\t<\/div>\n\t\t\t\t<\/div>\n\t\t\t\t\t<\/div>\n\t\t<\/div>\n\t\t\t\t\t<\/div>\n\t\t<\/section>\n\t\t\t\t<section class=\"ob-is-breaking-bad elementor-section elementor-top-section elementor-element elementor-element-fa78cbe elementor-section-boxed elementor-section-height-default elementor-section-height-default\" data-id=\"fa78cbe\" data-element_type=\"section\" data-e-type=\"section\" data-settings=\"{&quot;_ob_bbad_use_it&quot;:&quot;yes&quot;,&quot;_ob_bbad_sssic_use&quot;:&quot;no&quot;,&quot;_ob_glider_is_slider&quot;:&quot;no&quot;}\">\n\t\t\t\t\t\t<div class=\"elementor-container elementor-column-gap-no\">\n\t\t\t\t\t<div class=\"elementor-column elementor-col-50 elementor-top-column elementor-element elementor-element-530f0b9\" data-id=\"530f0b9\" data-element_type=\"column\" data-e-type=\"column\" data-settings=\"{&quot;_ob_bbad_is_stalker&quot;:&quot;no&quot;,&quot;_ob_teleporter_use&quot;:false,&quot;_ob_column_hoveranimator&quot;:&quot;no&quot;,&quot;_ob_column_has_pseudo&quot;:&quot;no&quot;}\">\n\t\t\t<div class=\"elementor-widget-wrap elementor-element-populated\">\n\t\t\t\t\t\t<div class=\"elementor-element elementor-element-7bc26b2 ob-has-background-overlay elementor-widget elementor-widget-image\" data-id=\"7bc26b2\" data-element_type=\"widget\" data-e-type=\"widget\" data-settings=\"{&quot;_ob_photomorph_use&quot;:&quot;no&quot;,&quot;_ob_perspektive_use&quot;:&quot;no&quot;,&quot;_ob_poopart_use&quot;:&quot;yes&quot;,&quot;_ob_shadough_use&quot;:&quot;no&quot;,&quot;_ob_allow_hoveranimator&quot;:&quot;no&quot;,&quot;_ob_widget_stalker_use&quot;:&quot;no&quot;}\" data-widget_type=\"image.default\">\n\t\t\t\t<div class=\"elementor-widget-container\">\n\t\t\t\t\t\t\t\t\t\t\t\t\t\t\t\t<a href=\"https:\/\/ineosclubhouse.com\/wp-content\/uploads\/2021\/12\/Plan-Acces-et-Contact.png\" data-elementor-open-lightbox=\"yes\" data-e-action-hash=\"#elementor-action%3Aaction%3Dlightbox%26settings%3DeyJpZCI6MTQ2NiwidXJsIjoiaHR0cHM6XC9cL2luZW9zY2x1YmhvdXNlLmNvbVwvd3AtY29udGVudFwvdXBsb2Fkc1wvMjAyMVwvMTJcL1BsYW4tQWNjZXMtZXQtQ29udGFjdC5wbmcifQ%3D%3D\">\n\t\t\t\t\t\t\t<img fetchpriority=\"high\" decoding=\"async\" width=\"1846\" height=\"1152\" src=\"https:\/\/ineosclubhouse.com\/wp-content\/uploads\/2021\/12\/Plan-Acces-et-Contact.png\" class=\"attachment-2048x2048 size-2048x2048 wp-image-1466\" alt=\"\" srcset=\"https:\/\/ineosclubhouse.com\/wp-content\/uploads\/2021\/12\/Plan-Acces-et-Contact.png 1846w, https:\/\/ineosclubhouse.com\/wp-content\/uploads\/2021\/12\/Plan-Acces-et-Contact-600x374.png 600w, https:\/\/ineosclubhouse.com\/wp-content\/uploads\/2021\/12\/Plan-Acces-et-Contact-300x187.png 300w, https:\/\/ineosclubhouse.com\/wp-content\/uploads\/2021\/12\/Plan-Acces-et-Contact-1024x639.png 1024w, https:\/\/ineosclubhouse.com\/wp-content\/uploads\/2021\/12\/Plan-Acces-et-Contact-768x479.png 768w, https:\/\/ineosclubhouse.com\/wp-content\/uploads\/2021\/12\/Plan-Acces-et-Contact-1536x959.png 1536w, https:\/\/ineosclubhouse.com\/wp-content\/uploads\/2021\/12\/Plan-Acces-et-Contact-18x12.png 18w\" sizes=\"(max-width: 1846px) 100vw, 1846px\" \/>\t\t\t\t\t\t\t\t<\/a>\n\t\t\t\t\t\t\t\t\t\t\t\t\t\t\t<\/div>\n\t\t\t\t<\/div>\n\t\t\t\t\t<\/div>\n\t\t<\/div>\n\t\t\t\t<div class=\"elementor-column elementor-col-50 elementor-top-column elementor-element elementor-element-61eee3e\" data-id=\"61eee3e\" data-element_type=\"column\" data-e-type=\"column\" data-settings=\"{&quot;_ob_bbad_is_stalker&quot;:&quot;no&quot;,&quot;_ob_teleporter_use&quot;:false,&quot;_ob_column_hoveranimator&quot;:&quot;no&quot;,&quot;_ob_column_has_pseudo&quot;:&quot;no&quot;}\">\n\t\t\t<div class=\"elementor-widget-wrap elementor-element-populated\">\n\t\t\t\t\t\t<div class=\"elementor-element elementor-element-2531713 ob-has-background-overlay elementor-widget elementor-widget-google_maps\" data-id=\"2531713\" data-element_type=\"widget\" data-e-type=\"widget\" data-settings=\"{&quot;_ob_perspektive_use&quot;:&quot;no&quot;,&quot;_ob_poopart_use&quot;:&quot;yes&quot;,&quot;_ob_shadough_use&quot;:&quot;no&quot;,&quot;_ob_allow_hoveranimator&quot;:&quot;no&quot;,&quot;_ob_widget_stalker_use&quot;:&quot;no&quot;}\" data-widget_type=\"google_maps.default\">\n\t\t\t\t<div class=\"elementor-widget-container\">\n\t\t\t\t\t\t\t<div class=\"elementor-custom-embed\">\n\t\t\t<iframe loading=\"lazy\"\n\t\t\t\t\tsrc=\"https:\/\/maps.google.com\/maps?q=Courchevel%20Ski%20World%20Cup%2C%2073210%20Courchevel&#038;t=m&#038;z=15&#038;output=embed&#038;iwloc=near\"\n\t\t\t\t\ttitle=\"Courchevel Ski World Cup, 73210 Courchevel\"\n\t\t\t\t\taria-label=\"Courchevel Ski World Cup, 73210 Courchevel\"\n\t\t\t><\/iframe>\n\t\t<\/div>\n\t\t\t\t\t\t<\/div>\n\t\t\t\t<\/div>\n\t\t\t\t\t<\/div>\n\t\t<\/div>\n\t\t\t\t\t<\/div>\n\t\t<\/section>\n\t\t\t\t<\/div>","protected":false},"excerpt":{"rendered":"<p>Getting to Ineos Club House From the slopes or by car Ineos Club House is easily accessible on skis, on foot or by car!<\/p>","protected":false},"author":1,"featured_media":0,"parent":0,"menu_order":0,"comment_status":"closed","ping_status":"closed","template":"elementor_header_footer","meta":{"_acf_changed":false,"footnotes":""},"class_list":["post-904","page","type-page","status-publish","hentry"],"acf":[],"yoast_head":"<!-- This site is optimized with the Yoast SEO plugin v27.3 - https:\/\/yoast.com\/product\/yoast-seo-wordpress\/ -->\n<title>Plan &amp; Acc\u00e8s - Ineos Club House<\/title>\n<meta name=\"robots\" content=\"index, follow, max-snippet:-1, max-image-preview:large, max-video-preview:-1\" \/>\n<link rel=\"canonical\" href=\"https:\/\/ineosclubhouse.com\/en\/plan-et-acces\/\" \/>\n<meta property=\"og:locale\" content=\"en_GB\" \/>\n<meta property=\"og:type\" content=\"article\" \/>\n<meta property=\"og:title\" content=\"Plan &amp; Acc\u00e8s - Ineos Club House\" \/>\n<meta property=\"og:description\" content=\"Acc\u00e9der \u00e0 Ineos Club House Des pistes ou en voiture Ineos Club House est accessible facilement \u00e0 ski, \u00e0 pieds ou en voiture !\" \/>\n<meta property=\"og:url\" content=\"https:\/\/ineosclubhouse.com\/en\/plan-et-acces\/\" \/>\n<meta property=\"og:site_name\" content=\"Ineos Club House\" \/>\n<meta property=\"article:modified_time\" content=\"2021-12-09T09:30:23+00:00\" \/>\n<meta property=\"og:image\" content=\"https:\/\/ineosclubhouse.com\/wp-content\/uploads\/2021\/12\/Plan-Acces-et-Contact.png\" \/>\n<meta name=\"twitter:card\" content=\"summary_large_image\" \/>\n<meta name=\"twitter:label1\" content=\"Estimated reading time\" \/>\n\t<meta name=\"twitter:data1\" content=\"1 minute\" \/>\n<script type=\"application\/ld+json\" class=\"yoast-schema-graph\">{\"@context\":\"https:\\\/\\\/schema.org\",\"@graph\":[{\"@type\":\"WebPage\",\"@id\":\"https:\\\/\\\/ineosclubhouse.com\\\/plan-et-acces\\\/\",\"url\":\"https:\\\/\\\/ineosclubhouse.com\\\/plan-et-acces\\\/\",\"name\":\"Plan & Acc\u00e8s - Ineos Club House\",\"isPartOf\":{\"@id\":\"https:\\\/\\\/ineosclubhouse.com\\\/#website\"},\"primaryImageOfPage\":{\"@id\":\"https:\\\/\\\/ineosclubhouse.com\\\/plan-et-acces\\\/#primaryimage\"},\"image\":{\"@id\":\"https:\\\/\\\/ineosclubhouse.com\\\/plan-et-acces\\\/#primaryimage\"},\"thumbnailUrl\":\"https:\\\/\\\/ineosclubhouse.com\\\/wp-content\\\/uploads\\\/2021\\\/12\\\/Plan-Acces-et-Contact.png\",\"datePublished\":\"2021-12-02T13:45:56+00:00\",\"dateModified\":\"2021-12-09T09:30:23+00:00\",\"breadcrumb\":{\"@id\":\"https:\\\/\\\/ineosclubhouse.com\\\/plan-et-acces\\\/#breadcrumb\"},\"inLanguage\":\"en-GB\",\"potentialAction\":[{\"@type\":\"ReadAction\",\"target\":[\"https:\\\/\\\/ineosclubhouse.com\\\/plan-et-acces\\\/\"]}]},{\"@type\":\"ImageObject\",\"inLanguage\":\"en-GB\",\"@id\":\"https:\\\/\\\/ineosclubhouse.com\\\/plan-et-acces\\\/#primaryimage\",\"url\":\"https:\\\/\\\/ineosclubhouse.com\\\/wp-content\\\/uploads\\\/2021\\\/12\\\/Plan-Acces-et-Contact.png\",\"contentUrl\":\"https:\\\/\\\/ineosclubhouse.com\\\/wp-content\\\/uploads\\\/2021\\\/12\\\/Plan-Acces-et-Contact.png\"},{\"@type\":\"BreadcrumbList\",\"@id\":\"https:\\\/\\\/ineosclubhouse.com\\\/plan-et-acces\\\/#breadcrumb\",\"itemListElement\":[{\"@type\":\"ListItem\",\"position\":1,\"name\":\"Accueil\",\"item\":\"https:\\\/\\\/ineosclubhouse.com\\\/\"},{\"@type\":\"ListItem\",\"position\":2,\"name\":\"Plan &#038; Acc\u00e8s\"}]},{\"@type\":\"WebSite\",\"@id\":\"https:\\\/\\\/ineosclubhouse.com\\\/#website\",\"url\":\"https:\\\/\\\/ineosclubhouse.com\\\/\",\"name\":\"Ineos Club House\",\"description\":\"Station \u00e0 Courchevel\",\"potentialAction\":[{\"@type\":\"SearchAction\",\"target\":{\"@type\":\"EntryPoint\",\"urlTemplate\":\"https:\\\/\\\/ineosclubhouse.com\\\/?s={search_term_string}\"},\"query-input\":{\"@type\":\"PropertyValueSpecification\",\"valueRequired\":true,\"valueName\":\"search_term_string\"}}],\"inLanguage\":\"en-GB\"}]}<\/script>\n<!-- \/ Yoast SEO plugin. -->","yoast_head_json":{"title":"Plan & Acc\u00e8s - Ineos Club House","robots":{"index":"index","follow":"follow","max-snippet":"max-snippet:-1","max-image-preview":"max-image-preview:large","max-video-preview":"max-video-preview:-1"},"canonical":"https:\/\/ineosclubhouse.com\/en\/plan-et-acces\/","og_locale":"en_GB","og_type":"article","og_title":"Plan & Acc\u00e8s - Ineos Club House","og_description":"Acc\u00e9der \u00e0 Ineos Club House Des pistes ou en voiture Ineos Club House est accessible facilement \u00e0 ski, \u00e0 pieds ou en voiture !","og_url":"https:\/\/ineosclubhouse.com\/en\/plan-et-acces\/","og_site_name":"Ineos Club House","article_modified_time":"2021-12-09T09:30:23+00:00","og_image":[{"url":"https:\/\/ineosclubhouse.com\/wp-content\/uploads\/2021\/12\/Plan-Acces-et-Contact.png","type":"","width":"","height":""}],"twitter_card":"summary_large_image","twitter_misc":{"Estimated reading time":"1 minute"},"schema":{"@context":"https:\/\/schema.org","@graph":[{"@type":"WebPage","@id":"https:\/\/ineosclubhouse.com\/plan-et-acces\/","url":"https:\/\/ineosclubhouse.com\/plan-et-acces\/","name":"Plan & Acc\u00e8s - Ineos Club House","isPartOf":{"@id":"https:\/\/ineosclubhouse.com\/#website"},"primaryImageOfPage":{"@id":"https:\/\/ineosclubhouse.com\/plan-et-acces\/#primaryimage"},"image":{"@id":"https:\/\/ineosclubhouse.com\/plan-et-acces\/#primaryimage"},"thumbnailUrl":"https:\/\/ineosclubhouse.com\/wp-content\/uploads\/2021\/12\/Plan-Acces-et-Contact.png","datePublished":"2021-12-02T13:45:56+00:00","dateModified":"2021-12-09T09:30:23+00:00","breadcrumb":{"@id":"https:\/\/ineosclubhouse.com\/plan-et-acces\/#breadcrumb"},"inLanguage":"en-GB","potentialAction":[{"@type":"ReadAction","target":["https:\/\/ineosclubhouse.com\/plan-et-acces\/"]}]},{"@type":"ImageObject","inLanguage":"en-GB","@id":"https:\/\/ineosclubhouse.com\/plan-et-acces\/#primaryimage","url":"https:\/\/ineosclubhouse.com\/wp-content\/uploads\/2021\/12\/Plan-Acces-et-Contact.png","contentUrl":"https:\/\/ineosclubhouse.com\/wp-content\/uploads\/2021\/12\/Plan-Acces-et-Contact.png"},{"@type":"BreadcrumbList","@id":"https:\/\/ineosclubhouse.com\/plan-et-acces\/#breadcrumb","itemListElement":[{"@type":"ListItem","position":1,"name":"Accueil","item":"https:\/\/ineosclubhouse.com\/"},{"@type":"ListItem","position":2,"name":"Plan &#038; Acc\u00e8s"}]},{"@type":"WebSite","@id":"https:\/\/ineosclubhouse.com\/#website","url":"https:\/\/ineosclubhouse.com\/","name":"Ineos Club House","description":"Resort in Courchevel","potentialAction":[{"@type":"SearchAction","target":{"@type":"EntryPoint","urlTemplate":"https:\/\/ineosclubhouse.com\/?s={search_term_string}"},"query-input":{"@type":"PropertyValueSpecification","valueRequired":true,"valueName":"search_term_string"}}],"inLanguage":"en-GB"}]}},"_links":{"self":[{"href":"https:\/\/ineosclubhouse.com\/en\/wp-json\/wp\/v2\/pages\/904","targetHints":{"allow":["GET"]}}],"collection":[{"href":"https:\/\/ineosclubhouse.com\/en\/wp-json\/wp\/v2\/pages"}],"about":[{"href":"https:\/\/ineosclubhouse.com\/en\/wp-json\/wp\/v2\/types\/page"}],"author":[{"embeddable":true,"href":"https:\/\/ineosclubhouse.com\/en\/wp-json\/wp\/v2\/users\/1"}],"replies":[{"embeddable":true,"href":"https:\/\/ineosclubhouse.com\/en\/wp-json\/wp\/v2\/comments?post=904"}],"version-history":[{"count":16,"href":"https:\/\/ineosclubhouse.com\/en\/wp-json\/wp\/v2\/pages\/904\/revisions"}],"predecessor-version":[{"id":1495,"href":"https:\/\/ineosclubhouse.com\/en\/wp-json\/wp\/v2\/pages\/904\/revisions\/1495"}],"wp:attachment":[{"href":"https:\/\/ineosclubhouse.com\/en\/wp-json\/wp\/v2\/media?parent=904"}],"curies":[{"name":"wp","href":"https:\/\/api.w.org\/{rel}","templated":true}]}}