{"id":3257,"date":"2023-01-12T06:39:18","date_gmt":"2023-01-12T05:39:18","guid":{"rendered":"https:\/\/ineosclubhouse.com\/?page_id=3257"},"modified":"2023-01-12T06:44:16","modified_gmt":"2023-01-12T05:44:16","slug":"mentions-legales","status":"publish","type":"page","link":"https:\/\/ineosclubhouse.com\/en\/mentions-legales\/","title":{"rendered":"Legal information"},"content":{"rendered":"<div data-elementor-type=\"wp-page\" data-elementor-id=\"3257\" class=\"elementor elementor-3257\" data-elementor-post-type=\"page\">\n\t\t\t\t\t\t<section class=\"ob-is-breaking-bad elementor-section elementor-top-section elementor-element elementor-element-a7d9234 elementor-section-boxed elementor-section-height-default elementor-section-height-default\" data-id=\"a7d9234\" data-element_type=\"section\" data-e-type=\"section\" data-settings=\"{&quot;_ob_bbad_use_it&quot;:&quot;yes&quot;,&quot;_ob_bbad_sssic_use&quot;:&quot;no&quot;,&quot;_ob_glider_is_slider&quot;:&quot;no&quot;}\">\n\t\t\t\t\t\t<div class=\"elementor-container elementor-column-gap-default\">\n\t\t\t\t\t<div class=\"elementor-column elementor-col-100 elementor-top-column elementor-element elementor-element-2261b1a\" data-id=\"2261b1a\" data-element_type=\"column\" data-e-type=\"column\" data-settings=\"{&quot;_ob_bbad_is_stalker&quot;:&quot;no&quot;,&quot;_ob_teleporter_use&quot;:false,&quot;_ob_column_hoveranimator&quot;:&quot;no&quot;,&quot;_ob_column_has_pseudo&quot;:&quot;no&quot;}\">\n\t\t\t<div class=\"elementor-widget-wrap elementor-element-populated\">\n\t\t\t\t\t\t<div class=\"elementor-element elementor-element-594e995 ob-harakiri-inherit ob-has-background-overlay elementor-widget elementor-widget-heading\" data-id=\"594e995\" data-element_type=\"widget\" data-e-type=\"widget\" data-settings=\"{&quot;_ob_use_harakiri&quot;:&quot;yes&quot;,&quot;_ob_harakiri_writing_mode&quot;:&quot;inherit&quot;,&quot;_ob_harakiri_text_clip&quot;:&quot;none&quot;,&quot;_ob_perspektive_use&quot;:&quot;no&quot;,&quot;_ob_poopart_use&quot;:&quot;yes&quot;,&quot;_ob_shadough_use&quot;:&quot;no&quot;,&quot;_ob_allow_hoveranimator&quot;:&quot;no&quot;,&quot;_ob_widget_stalker_use&quot;:&quot;no&quot;}\" data-widget_type=\"heading.default\">\n\t\t\t\t<div class=\"elementor-widget-container\">\n\t\t\t\t\t<h2 class=\"elementor-heading-title elementor-size-default\">Legal information<\/h2>\t\t\t\t<\/div>\n\t\t\t\t<\/div>\n\t\t\t\t<div class=\"elementor-element elementor-element-13ca72c ob-harakiri-inherit ob-has-background-overlay elementor-widget elementor-widget-text-editor\" data-id=\"13ca72c\" data-element_type=\"widget\" data-e-type=\"widget\" data-settings=\"{&quot;_ob_use_harakiri&quot;:&quot;yes&quot;,&quot;_ob_harakiri_writing_mode&quot;:&quot;inherit&quot;,&quot;_ob_postman_use&quot;:&quot;no&quot;,&quot;_ob_perspektive_use&quot;:&quot;no&quot;,&quot;_ob_poopart_use&quot;:&quot;yes&quot;,&quot;_ob_shadough_use&quot;:&quot;no&quot;,&quot;_ob_allow_hoveranimator&quot;:&quot;no&quot;,&quot;_ob_widget_stalker_use&quot;:&quot;no&quot;}\" data-widget_type=\"text-editor.default\">\n\t\t\t\t<div class=\"elementor-widget-container\">\n\t\t\t\t\t\t\t\t\t<p class=\"p1\"><span class=\"s1\">The site\u00a0<a href=\"https:\/\/ineosclubhouse.com\/en\/\" target=\"_blank\" rel=\"noopener\">ineosclubhouse.com<\/a>\u00a0is edited by :<br \/><\/span><span class=\"s2\"><b>COURCHEVEL SPORTS CLUB<\/b><\/span><span class=\"s1\">Society<\/span> <span class=\"s4\">Declared association<\/span><span class=\"s1\">,<br \/>Head office : <\/span><span class=\"s5\">83 Rue Park City - Ineos Club House, Courchevel 1850 - 73120 Courchevel<\/span><span class=\"s1\"><br \/>RCS of Chamb\u00e9ry <\/span><span class=\"s5\">776 495 657 00012<\/span><span class=\"s1\"><br \/>Email : <\/span><span class=\"s3\">contact@sportcourchevel.com<\/span><\/p><p class=\"p2\"><span class=\"s6\">Chairman : <\/span><span class=\"s1\">Didier Barioz<\/span><\/p>\t\t\t\t\t\t\t\t<\/div>\n\t\t\t\t<\/div>\n\t\t\t\t<div class=\"elementor-element elementor-element-d855b02 ob-harakiri-inherit ob-has-background-overlay elementor-widget elementor-widget-heading\" data-id=\"d855b02\" data-element_type=\"widget\" data-e-type=\"widget\" data-settings=\"{&quot;_ob_use_harakiri&quot;:&quot;yes&quot;,&quot;_ob_harakiri_writing_mode&quot;:&quot;inherit&quot;,&quot;_ob_harakiri_text_clip&quot;:&quot;none&quot;,&quot;_ob_perspektive_use&quot;:&quot;no&quot;,&quot;_ob_poopart_use&quot;:&quot;yes&quot;,&quot;_ob_shadough_use&quot;:&quot;no&quot;,&quot;_ob_allow_hoveranimator&quot;:&quot;no&quot;,&quot;_ob_widget_stalker_use&quot;:&quot;no&quot;}\" data-widget_type=\"heading.default\">\n\t\t\t\t<div class=\"elementor-widget-container\">\n\t\t\t\t\t<h2 class=\"elementor-heading-title elementor-size-default\">Site host : <\/h2>\t\t\t\t<\/div>\n\t\t\t\t<\/div>\n\t\t\t\t<div class=\"elementor-element elementor-element-d353952 ob-harakiri-inherit ob-has-background-overlay elementor-widget elementor-widget-text-editor\" data-id=\"d353952\" data-element_type=\"widget\" data-e-type=\"widget\" data-settings=\"{&quot;_ob_use_harakiri&quot;:&quot;yes&quot;,&quot;_ob_harakiri_writing_mode&quot;:&quot;inherit&quot;,&quot;_ob_postman_use&quot;:&quot;no&quot;,&quot;_ob_perspektive_use&quot;:&quot;no&quot;,&quot;_ob_poopart_use&quot;:&quot;yes&quot;,&quot;_ob_shadough_use&quot;:&quot;no&quot;,&quot;_ob_allow_hoveranimator&quot;:&quot;no&quot;,&quot;_ob_widget_stalker_use&quot;:&quot;no&quot;}\" data-widget_type=\"text-editor.default\">\n\t\t\t\t<div class=\"elementor-widget-container\">\n\t\t\t\t\t\t\t\t\t<p class=\"p1\"><span class=\"s1\">The site is hosted by TEAM INFO, Place du ch\u00e2teau 73260 AIGUEBLANCHE S.A.R.L. au capital de 8000\u20ac RCS CHAMBERY SIRET : 51856571800013 APE : 4741Z<\/span><\/p><p>\u00a0<\/p>\t\t\t\t\t\t\t\t<\/div>\n\t\t\t\t<\/div>\n\t\t\t\t<div class=\"elementor-element elementor-element-db84573 ob-harakiri-inherit ob-has-background-overlay elementor-widget elementor-widget-heading\" data-id=\"db84573\" data-element_type=\"widget\" data-e-type=\"widget\" data-settings=\"{&quot;_ob_use_harakiri&quot;:&quot;yes&quot;,&quot;_ob_harakiri_writing_mode&quot;:&quot;inherit&quot;,&quot;_ob_harakiri_text_clip&quot;:&quot;none&quot;,&quot;_ob_perspektive_use&quot;:&quot;no&quot;,&quot;_ob_poopart_use&quot;:&quot;yes&quot;,&quot;_ob_shadough_use&quot;:&quot;no&quot;,&quot;_ob_allow_hoveranimator&quot;:&quot;no&quot;,&quot;_ob_widget_stalker_use&quot;:&quot;no&quot;}\" data-widget_type=\"heading.default\">\n\t\t\t\t<div class=\"elementor-widget-container\">\n\t\t\t\t\t<h2 class=\"elementor-heading-title elementor-size-default\">Website development :<\/h2>\t\t\t\t<\/div>\n\t\t\t\t<\/div>\n\t\t\t\t<div class=\"elementor-element elementor-element-6ef621b ob-harakiri-inherit ob-has-background-overlay elementor-widget elementor-widget-text-editor\" data-id=\"6ef621b\" data-element_type=\"widget\" data-e-type=\"widget\" data-settings=\"{&quot;_ob_use_harakiri&quot;:&quot;yes&quot;,&quot;_ob_harakiri_writing_mode&quot;:&quot;inherit&quot;,&quot;_ob_postman_use&quot;:&quot;no&quot;,&quot;_ob_perspektive_use&quot;:&quot;no&quot;,&quot;_ob_poopart_use&quot;:&quot;yes&quot;,&quot;_ob_shadough_use&quot;:&quot;no&quot;,&quot;_ob_allow_hoveranimator&quot;:&quot;no&quot;,&quot;_ob_widget_stalker_use&quot;:&quot;no&quot;}\" data-widget_type=\"text-editor.default\">\n\t\t\t\t<div class=\"elementor-widget-container\">\n\t\t\t\t\t\t\t\t\t<p><a style=\"font-family: var( --e-global-typography-text-font-family ), Sans-serif; font-size: var( --e-global-typography-text-font-size ); font-weight: var( --e-global-typography-text-font-weight ); background-color: #ffffff;\" href=\"https:\/\/janeband.com\/\" target=\"_blank\" rel=\"noopener\">JaneBand.com<\/a>\u00a0- Chemin du Petit Poucet 73700 S\u00e9ez - EI registered SIRET\u00a0<span class=\"s1\">90415868000028<\/span><\/p>\t\t\t\t\t\t\t\t<\/div>\n\t\t\t\t<\/div>\n\t\t\t\t\t<\/div>\n\t\t<\/div>\n\t\t\t\t\t<\/div>\n\t\t<\/section>\n\t\t\t\t<\/div>","protected":false},"excerpt":{"rendered":"<p>Mentions l\u00e9gales Le site\u00a0ineosclubhouse.com\u00a0est \u00e9dit\u00e9 par\u00a0:CLUB DES SPORTS DE COURCHEVEL, Soci\u00e9t\u00e9 Association d\u00e9clar\u00e9e,Si\u00e8ge social\u00a0: 83 Rue Park City \u2013 Ineos Club House, Courchevel 1850 &#8211; 73120 CourchevelRCS de Chamb\u00e9ry 776 495 657 00012Email\u00a0: contact@sportcourchevel.com Pr\u00e9sident\u00a0: Didier Barioz H\u00e9bergeur du site : Le site est h\u00e9berg\u00e9 par TEAM INFO, Place du ch\u00e2teau 73260 AIGUEBLANCHE S.A.R.L. au [&hellip;]<\/p>\n","protected":false},"author":2,"featured_media":0,"parent":0,"menu_order":0,"comment_status":"closed","ping_status":"closed","template":"","meta":{"_acf_changed":false,"footnotes":""},"class_list":["post-3257","page","type-page","status-publish","hentry"],"acf":[],"yoast_head":"<!-- This site is optimized with the Yoast SEO plugin v27.3 - https:\/\/yoast.com\/product\/yoast-seo-wordpress\/ -->\n<title>Mentions l\u00e9gales - Ineos Club House<\/title>\n<meta name=\"robots\" content=\"index, follow, max-snippet:-1, max-image-preview:large, max-video-preview:-1\" \/>\n<link rel=\"canonical\" href=\"https:\/\/ineosclubhouse.com\/en\/mentions-legales\/\" \/>\n<meta property=\"og:locale\" content=\"en_GB\" \/>\n<meta property=\"og:type\" content=\"article\" \/>\n<meta property=\"og:title\" content=\"Mentions l\u00e9gales - Ineos Club House\" \/>\n<meta property=\"og:description\" content=\"Mentions l\u00e9gales Le site\u00a0ineosclubhouse.com\u00a0est \u00e9dit\u00e9 par\u00a0:CLUB DES SPORTS DE COURCHEVEL, Soci\u00e9t\u00e9 Association d\u00e9clar\u00e9e,Si\u00e8ge social\u00a0: 83 Rue Park City \u2013 Ineos Club House, Courchevel 1850 &#8211; 73120 CourchevelRCS de Chamb\u00e9ry 776 495 657 00012Email\u00a0: contact@sportcourchevel.com Pr\u00e9sident\u00a0: Didier Barioz H\u00e9bergeur du site : Le site est h\u00e9berg\u00e9 par TEAM INFO, Place du ch\u00e2teau 73260 AIGUEBLANCHE S.A.R.L. au [&hellip;]\" \/>\n<meta property=\"og:url\" content=\"https:\/\/ineosclubhouse.com\/en\/mentions-legales\/\" \/>\n<meta property=\"og:site_name\" content=\"Ineos Club House\" \/>\n<meta property=\"article:modified_time\" content=\"2023-01-12T05:44:16+00:00\" \/>\n<meta name=\"twitter:card\" content=\"summary_large_image\" \/>\n<meta name=\"twitter:label1\" content=\"Estimated reading time\" \/>\n\t<meta name=\"twitter:data1\" content=\"1 minute\" \/>\n<script type=\"application\/ld+json\" class=\"yoast-schema-graph\">{\"@context\":\"https:\\\/\\\/schema.org\",\"@graph\":[{\"@type\":\"WebPage\",\"@id\":\"https:\\\/\\\/ineosclubhouse.com\\\/mentions-legales\\\/\",\"url\":\"https:\\\/\\\/ineosclubhouse.com\\\/mentions-legales\\\/\",\"name\":\"Mentions l\u00e9gales - Ineos Club House\",\"isPartOf\":{\"@id\":\"https:\\\/\\\/ineosclubhouse.com\\\/#website\"},\"datePublished\":\"2023-01-12T05:39:18+00:00\",\"dateModified\":\"2023-01-12T05:44:16+00:00\",\"breadcrumb\":{\"@id\":\"https:\\\/\\\/ineosclubhouse.com\\\/mentions-legales\\\/#breadcrumb\"},\"inLanguage\":\"en-GB\",\"potentialAction\":[{\"@type\":\"ReadAction\",\"target\":[\"https:\\\/\\\/ineosclubhouse.com\\\/mentions-legales\\\/\"]}]},{\"@type\":\"BreadcrumbList\",\"@id\":\"https:\\\/\\\/ineosclubhouse.com\\\/mentions-legales\\\/#breadcrumb\",\"itemListElement\":[{\"@type\":\"ListItem\",\"position\":1,\"name\":\"Accueil\",\"item\":\"https:\\\/\\\/ineosclubhouse.com\\\/\"},{\"@type\":\"ListItem\",\"position\":2,\"name\":\"Mentions l\u00e9gales\"}]},{\"@type\":\"WebSite\",\"@id\":\"https:\\\/\\\/ineosclubhouse.com\\\/#website\",\"url\":\"https:\\\/\\\/ineosclubhouse.com\\\/\",\"name\":\"Ineos Club House\",\"description\":\"Station \u00e0 Courchevel\",\"potentialAction\":[{\"@type\":\"SearchAction\",\"target\":{\"@type\":\"EntryPoint\",\"urlTemplate\":\"https:\\\/\\\/ineosclubhouse.com\\\/?s={search_term_string}\"},\"query-input\":{\"@type\":\"PropertyValueSpecification\",\"valueRequired\":true,\"valueName\":\"search_term_string\"}}],\"inLanguage\":\"en-GB\"}]}<\/script>\n<!-- \/ Yoast SEO plugin. -->","yoast_head_json":{"title":"Mentions l\u00e9gales - Ineos Club House","robots":{"index":"index","follow":"follow","max-snippet":"max-snippet:-1","max-image-preview":"max-image-preview:large","max-video-preview":"max-video-preview:-1"},"canonical":"https:\/\/ineosclubhouse.com\/en\/mentions-legales\/","og_locale":"en_GB","og_type":"article","og_title":"Mentions l\u00e9gales - Ineos Club House","og_description":"Mentions l\u00e9gales Le site\u00a0ineosclubhouse.com\u00a0est \u00e9dit\u00e9 par\u00a0:CLUB DES SPORTS DE COURCHEVEL, Soci\u00e9t\u00e9 Association d\u00e9clar\u00e9e,Si\u00e8ge social\u00a0: 83 Rue Park City \u2013 Ineos Club House, Courchevel 1850 &#8211; 73120 CourchevelRCS de Chamb\u00e9ry 776 495 657 00012Email\u00a0: contact@sportcourchevel.com Pr\u00e9sident\u00a0: Didier Barioz H\u00e9bergeur du site : Le site est h\u00e9berg\u00e9 par TEAM INFO, Place du ch\u00e2teau 73260 AIGUEBLANCHE S.A.R.L. au [&hellip;]","og_url":"https:\/\/ineosclubhouse.com\/en\/mentions-legales\/","og_site_name":"Ineos Club House","article_modified_time":"2023-01-12T05:44:16+00:00","twitter_card":"summary_large_image","twitter_misc":{"Estimated reading time":"1 minute"},"schema":{"@context":"https:\/\/schema.org","@graph":[{"@type":"WebPage","@id":"https:\/\/ineosclubhouse.com\/mentions-legales\/","url":"https:\/\/ineosclubhouse.com\/mentions-legales\/","name":"Mentions l\u00e9gales - Ineos Club House","isPartOf":{"@id":"https:\/\/ineosclubhouse.com\/#website"},"datePublished":"2023-01-12T05:39:18+00:00","dateModified":"2023-01-12T05:44:16+00:00","breadcrumb":{"@id":"https:\/\/ineosclubhouse.com\/mentions-legales\/#breadcrumb"},"inLanguage":"en-GB","potentialAction":[{"@type":"ReadAction","target":["https:\/\/ineosclubhouse.com\/mentions-legales\/"]}]},{"@type":"BreadcrumbList","@id":"https:\/\/ineosclubhouse.com\/mentions-legales\/#breadcrumb","itemListElement":[{"@type":"ListItem","position":1,"name":"Accueil","item":"https:\/\/ineosclubhouse.com\/"},{"@type":"ListItem","position":2,"name":"Mentions l\u00e9gales"}]},{"@type":"WebSite","@id":"https:\/\/ineosclubhouse.com\/#website","url":"https:\/\/ineosclubhouse.com\/","name":"Ineos Club House","description":"Resort in Courchevel","potentialAction":[{"@type":"SearchAction","target":{"@type":"EntryPoint","urlTemplate":"https:\/\/ineosclubhouse.com\/?s={search_term_string}"},"query-input":{"@type":"PropertyValueSpecification","valueRequired":true,"valueName":"search_term_string"}}],"inLanguage":"en-GB"}]}},"_links":{"self":[{"href":"https:\/\/ineosclubhouse.com\/en\/wp-json\/wp\/v2\/pages\/3257","targetHints":{"allow":["GET"]}}],"collection":[{"href":"https:\/\/ineosclubhouse.com\/en\/wp-json\/wp\/v2\/pages"}],"about":[{"href":"https:\/\/ineosclubhouse.com\/en\/wp-json\/wp\/v2\/types\/page"}],"author":[{"embeddable":true,"href":"https:\/\/ineosclubhouse.com\/en\/wp-json\/wp\/v2\/users\/2"}],"replies":[{"embeddable":true,"href":"https:\/\/ineosclubhouse.com\/en\/wp-json\/wp\/v2\/comments?post=3257"}],"version-history":[{"count":4,"href":"https:\/\/ineosclubhouse.com\/en\/wp-json\/wp\/v2\/pages\/3257\/revisions"}],"predecessor-version":[{"id":3261,"href":"https:\/\/ineosclubhouse.com\/en\/wp-json\/wp\/v2\/pages\/3257\/revisions\/3261"}],"wp:attachment":[{"href":"https:\/\/ineosclubhouse.com\/en\/wp-json\/wp\/v2\/media?parent=3257"}],"curies":[{"name":"wp","href":"https:\/\/api.w.org\/{rel}","templated":true}]}}