{"id":1620,"date":"2022-01-20T20:52:10","date_gmt":"2022-01-20T19:52:10","guid":{"rendered":"https:\/\/ineosclubhouse.com\/?page_id=1620"},"modified":"2022-01-21T14:08:25","modified_gmt":"2022-01-21T13:08:25","slug":"conditions-generales-de-vente","status":"publish","type":"page","link":"https:\/\/ineosclubhouse.com\/en\/conditions-generales-de-vente\/","title":{"rendered":"Rental conditions"},"content":{"rendered":"<div data-elementor-type=\"wp-page\" data-elementor-id=\"1620\" class=\"elementor elementor-1620\" data-elementor-post-type=\"page\">\n\t\t\t\t\t\t<section class=\"ob-is-breaking-bad elementor-section elementor-top-section elementor-element elementor-element-8c80d78 elementor-section-boxed elementor-section-height-default elementor-section-height-default\" data-id=\"8c80d78\" data-element_type=\"section\" data-e-type=\"section\" data-settings=\"{&quot;_ob_bbad_use_it&quot;:&quot;yes&quot;,&quot;_ob_bbad_sssic_use&quot;:&quot;no&quot;,&quot;_ob_glider_is_slider&quot;:&quot;no&quot;}\">\n\t\t\t\t\t\t<div class=\"elementor-container elementor-column-gap-default\">\n\t\t\t\t\t<div class=\"elementor-column elementor-col-100 elementor-top-column elementor-element elementor-element-f15de32\" data-id=\"f15de32\" data-element_type=\"column\" data-e-type=\"column\" data-settings=\"{&quot;_ob_bbad_is_stalker&quot;:&quot;no&quot;,&quot;_ob_teleporter_use&quot;:false,&quot;_ob_column_hoveranimator&quot;:&quot;no&quot;,&quot;_ob_column_has_pseudo&quot;:&quot;no&quot;}\">\n\t\t\t<div class=\"elementor-widget-wrap elementor-element-populated\">\n\t\t\t\t\t\t<div class=\"elementor-element elementor-element-10f5766 ob-harakiri-inherit ob-has-background-overlay elementor-widget elementor-widget-heading\" data-id=\"10f5766\" data-element_type=\"widget\" data-e-type=\"widget\" data-settings=\"{&quot;_ob_use_harakiri&quot;:&quot;yes&quot;,&quot;_ob_harakiri_writing_mode&quot;:&quot;inherit&quot;,&quot;_ob_harakiri_text_clip&quot;:&quot;none&quot;,&quot;_ob_perspektive_use&quot;:&quot;no&quot;,&quot;_ob_poopart_use&quot;:&quot;yes&quot;,&quot;_ob_shadough_use&quot;:&quot;no&quot;,&quot;_ob_allow_hoveranimator&quot;:&quot;no&quot;,&quot;_ob_widget_stalker_use&quot;:&quot;no&quot;}\" data-widget_type=\"heading.default\">\n\t\t\t\t<div class=\"elementor-widget-container\">\n\t\t\t\t\t<h1 class=\"elementor-heading-title elementor-size-default\">Ineos Club House Rental Contract<\/h1>\t\t\t\t<\/div>\n\t\t\t\t<\/div>\n\t\t\t\t\t<\/div>\n\t\t<\/div>\n\t\t\t\t\t<\/div>\n\t\t<\/section>\n\t\t\t\t<section class=\"ob-is-breaking-bad elementor-section elementor-top-section elementor-element elementor-element-4d449aa elementor-section-boxed elementor-section-height-default elementor-section-height-default\" data-id=\"4d449aa\" data-element_type=\"section\" data-e-type=\"section\" data-settings=\"{&quot;_ob_bbad_use_it&quot;:&quot;yes&quot;,&quot;_ob_bbad_sssic_use&quot;:&quot;no&quot;,&quot;_ob_glider_is_slider&quot;:&quot;no&quot;}\">\n\t\t\t\t\t\t<div class=\"elementor-container elementor-column-gap-default\">\n\t\t\t\t\t<div class=\"elementor-column elementor-col-100 elementor-top-column elementor-element elementor-element-368f4d1\" data-id=\"368f4d1\" data-element_type=\"column\" data-e-type=\"column\" data-settings=\"{&quot;_ob_bbad_is_stalker&quot;:&quot;no&quot;,&quot;_ob_teleporter_use&quot;:false,&quot;_ob_column_hoveranimator&quot;:&quot;no&quot;,&quot;_ob_column_has_pseudo&quot;:&quot;no&quot;}\">\n\t\t\t<div class=\"elementor-widget-wrap elementor-element-populated\">\n\t\t\t\t\t\t<div class=\"elementor-element elementor-element-9aabf3c ob-harakiri-inherit ob-has-background-overlay elementor-widget elementor-widget-text-editor\" data-id=\"9aabf3c\" data-element_type=\"widget\" data-e-type=\"widget\" data-settings=\"{&quot;_ob_use_harakiri&quot;:&quot;yes&quot;,&quot;_ob_harakiri_writing_mode&quot;:&quot;inherit&quot;,&quot;_ob_postman_use&quot;:&quot;no&quot;,&quot;_ob_perspektive_use&quot;:&quot;no&quot;,&quot;_ob_poopart_use&quot;:&quot;yes&quot;,&quot;_ob_shadough_use&quot;:&quot;no&quot;,&quot;_ob_allow_hoveranimator&quot;:&quot;no&quot;,&quot;_ob_widget_stalker_use&quot;:&quot;no&quot;}\" data-widget_type=\"text-editor.default\">\n\t\t\t\t<div class=\"elementor-widget-container\">\n\t\t\t\t\t\t\t\t\t<p>Between the undersigned<\/p><p><strong>The lessor :<\/strong><\/p><p>The Club des Sports de Courchevel, an association under the law of 1901, registered in the RNA under n\u00b0W731000184, Siret 776 495 657 00012, whose head office is BP10 - 83 rue du Park City - Courchevel 1850 - 73120 Courchevel, represented by its President Didier Barioz,<\/p><p><strong>The tenant :<\/strong><\/p><p>It is hereby determined and agreed as follows:<\/p><p><strong>Article 1:<\/strong> Designation of the rented premises<\/p><p>The present contract concerns the Globe de Cristal room, the Stadium room located in the Ineos Club House, 83 rue Park City 73120 Courchevel as well as its outbuildings designated below:<\/p><ul><li>Cloakroom\/ reception<\/li><li>Equipped bar<\/li><li>Catering office<\/li><li>Terrace\/balcony<\/li><li>World Cup meeting room<\/li><li>Golf simulator<\/li><li>Kids Club<\/li><\/ul><p>\u00a0<\/p><p><strong>Article 2:<\/strong> equipment made available to the hirer<\/p><p>The lessor undertakes to provide the lessee with the following equipment:<\/p><ul><li>Giant screen 6 m x 3.40 m<\/li><li>4 additional mobile 65' screens<\/li><li>Multi-broadcast sound system<\/li><li>Furniture :<ul><li>60 round tables 180 cm<\/li><li>30 rectangular tables 183 cm<\/li><li>30 stand-up lunches 84 cm<\/li><li>500 chairs<\/li><li>Stage 4 m x 4 m<\/li><li>10 sofas<\/li><\/ul><\/li><\/ul><p>This equipment must be returned in a clean and functional state. An inventory of this equipment will be made during the inventory of fixtures which will be drawn up on entering and leaving the room.<\/p><p>\u00a0<\/p><p><strong>Article 3<\/strong>\u00a0Use of the rented room and opening hours<\/p><p>The hirer uses the room to organise .......... from ............. to ............. So that the inventory of fixtures can be drawn up on arrival, until .............. at ................<\/p><p>At the end of the rental period, the hirer must return the room at the time specified in the contract. Any additional hour will be invoiced at 300 \u20ac HT and any additional day at 3500 \u20ac HT.<\/p><p>The tenant undertakes to return the premises in the same condition as found at the time of the inventory of fixtures (excluding floor cleaning included in the contract)<\/p><p>Any additional decoration by the Hirer must be agreed in advance.<\/p><p>Any exceptional or unusual service provided by the hirer must be agreed in advance (fireworks, balloon release, arrival by helicopter, etc.)<\/p><p>\u00a0<\/p><p><strong>Article 4:<\/strong> cleaning of the room and removal of equipment<\/p><p>The cleaning of the floor being included in the contract, the hirer undertakes to clean the outbuildings made available to his service providers: reception, bar, catering kitchen, terrace.<\/p><p>As the room is entirely glazed, the hirer undertakes to pay a flat fee of \u20ac500 excluding VAT for any significant soiling of the windows.<\/p><p>Any excessive soiling or damage requiring the intervention of a specialist company will be deducted from the deposit.<\/p><p>The removal of the equipment must be organised by the hirer who undertakes not to leave anything on the premises and to dispose of his waste in the appropriate places provided by the commune. The hirer undertakes to pay a fixed fee of \u20ac300 excluding VAT if he\/she does not remove his\/her waste.<\/p><p>\u00a0<\/p><p><strong>Article 5:<\/strong> obligation of the lessor<\/p><p>The lessor is obliged to make the premises available to the lessee on the date and at the time agreed for the start of the lease.<\/p><p>The lessor is obliged to provide heating and electricity for the duration of the tenancy.<\/p><p>The lessor is obliged to offer a solution for delivery and access to the hall for the installation of additional equipment. In the event of a lift breakdown, the lessor shall provide a solution for transporting the equipment by snowmobile with trailer.<\/p><p><strong>\u00a0<\/strong><\/p><p><strong>Article 6:<\/strong> obligation of the tenant<\/p><p>The hirer undertakes to pay a deposit, i.e. ..............\u20ac in order to reserve the room, and the guarantee deposit, i.e. ................. on signing the present contract, the balance 2 weeks before the event, i.e. ................ on ...............<\/p><p>The hirer is obliged to provide the lessor with a certificate of civil liability to cover any damage that may be caused in the rented premises during the rental period.<\/p><p>The hirer is required to manage his external service providers and their deliveries. As the hirer is responsible for the event, the participants are therefore under his responsibility.<\/p><p>The Tenant undertakes to notify the Landlord as soon as possible of any damage or soiling observed during the rental period in order to anticipate possible repairs.<\/p><p>Any subletting of the room will only be allowed with the agreement of the lessor.<\/p><p>The Tenant undertakes to take note of the safety measures, and in particular the fire safety measures, before entering the rented premises.<\/p><p>The hirer undertakes to avoid any noise pollution outside the hall. The lessor declines all responsibility in the event of nuisance, accident or theft occurring during the rental of the room.<\/p><p>\u00a0<\/p><p><strong>Article 7:<\/strong> cancellation condition<\/p><p>The hirer shall pay a deposit of 50 % of the room rental price in order to reserve the date. In the event of cancellation by the hirer, the deposit is non-refundable. In the event of cancellation by the lessor, double the deposit must be paid by the lessor.<\/p><p>The hirer shall pay the balance of the hire of the hall at least 15 days before the date of hire. In the event of cancellation by the hirer, the balance will not be reimbursed unless the hirer presents a certificate of insurance covering the rental risks. Once the balance has been paid, the lessor will not be able to cancel, except in cases of force majeure.<\/p><p>Done in Courchevel in two copies, on ...................<\/p><p><strong>Name of the signatory lessor\u00a0\u00a0\u00a0\u00a0\u00a0\u00a0\u00a0\u00a0\u00a0\u00a0\u00a0\u00a0\u00a0\u00a0\u00a0\u00a0\u00a0\u00a0\u00a0\u00a0\u00a0\u00a0\u00a0\u00a0\u00a0\u00a0\u00a0\u00a0\u00a0\u00a0\u00a0\u00a0\u00a0\u00a0\u00a0\u00a0\u00a0\u00a0\u00a0\u00a0\u00a0\u00a0\u00a0\u00a0\u00a0 \u00a0\u00a0\u00a0\u00a0\u00a0\u00a0\u00a0<\/strong><\/p><p>\u00a0<\/p><p><strong>Name of the signatory hirer<\/strong><br \/><strong>Didier Barioz<\/strong><\/p>\t\t\t\t\t\t\t\t<\/div>\n\t\t\t\t<\/div>\n\t\t\t\t\t<\/div>\n\t\t<\/div>\n\t\t\t\t\t<\/div>\n\t\t<\/section>\n\t\t\t\t<\/div>","protected":false},"excerpt":{"rendered":"<p>Contrat Location de salles Ineos Club House Entre les soussign\u00e9s Le bailleur\u00a0: Le Club des Sports de Courchevel, association loi 1901, inscrite au RNA sous le n\u00b0W731000184, Siret 776\u00a0495\u00a0657 00012, dont le si\u00e8ge est BP10 &#8211; 83 rue du Park City &#8211; Courchevel 1850 &#8211; 73120 Courchevel, repr\u00e9sent\u00e9e par son Pr\u00e9sident Didier Barioz, Le locataire\u00a0: [&hellip;]<\/p>\n","protected":false},"author":2,"featured_media":0,"parent":0,"menu_order":0,"comment_status":"closed","ping_status":"closed","template":"","meta":{"_acf_changed":false,"footnotes":""},"class_list":["post-1620","page","type-page","status-publish","hentry"],"acf":[],"yoast_head":"<!-- This site is optimized with the Yoast SEO plugin v27.5 - https:\/\/yoast.com\/product\/yoast-seo-wordpress\/ -->\n<title>Conditions de location - Ineos Club House<\/title>\n<meta name=\"robots\" content=\"index, follow, max-snippet:-1, max-image-preview:large, max-video-preview:-1\" \/>\n<link rel=\"canonical\" href=\"https:\/\/ineosclubhouse.com\/en\/conditions-generales-de-vente\/\" \/>\n<meta property=\"og:locale\" content=\"en_GB\" \/>\n<meta property=\"og:type\" content=\"article\" \/>\n<meta property=\"og:title\" content=\"Conditions de location - Ineos Club House\" \/>\n<meta property=\"og:description\" content=\"Contrat Location de salles Ineos Club House Entre les soussign\u00e9s Le bailleur\u00a0: Le Club des Sports de Courchevel, association loi 1901, inscrite au RNA sous le n\u00b0W731000184, Siret 776\u00a0495\u00a0657 00012, dont le si\u00e8ge est BP10 &#8211; 83 rue du Park City &#8211; Courchevel 1850 &#8211; 73120 Courchevel, repr\u00e9sent\u00e9e par son Pr\u00e9sident Didier Barioz, Le locataire\u00a0: [&hellip;]\" \/>\n<meta property=\"og:url\" content=\"https:\/\/ineosclubhouse.com\/en\/conditions-generales-de-vente\/\" \/>\n<meta property=\"og:site_name\" content=\"Ineos Club House\" \/>\n<meta property=\"article:modified_time\" content=\"2022-01-21T13:08:25+00:00\" \/>\n<meta name=\"twitter:card\" content=\"summary_large_image\" \/>\n<meta name=\"twitter:label1\" content=\"Estimated reading time\" \/>\n\t<meta name=\"twitter:data1\" content=\"5 minutes\" \/>\n<script type=\"application\/ld+json\" class=\"yoast-schema-graph\">{\"@context\":\"https:\\\/\\\/schema.org\",\"@graph\":[{\"@type\":\"WebPage\",\"@id\":\"https:\\\/\\\/ineosclubhouse.com\\\/conditions-generales-de-vente\\\/\",\"url\":\"https:\\\/\\\/ineosclubhouse.com\\\/conditions-generales-de-vente\\\/\",\"name\":\"Conditions de location - Ineos Club House\",\"isPartOf\":{\"@id\":\"https:\\\/\\\/ineosclubhouse.com\\\/#website\"},\"datePublished\":\"2022-01-20T19:52:10+00:00\",\"dateModified\":\"2022-01-21T13:08:25+00:00\",\"breadcrumb\":{\"@id\":\"https:\\\/\\\/ineosclubhouse.com\\\/conditions-generales-de-vente\\\/#breadcrumb\"},\"inLanguage\":\"en-GB\",\"potentialAction\":[{\"@type\":\"ReadAction\",\"target\":[\"https:\\\/\\\/ineosclubhouse.com\\\/conditions-generales-de-vente\\\/\"]}]},{\"@type\":\"BreadcrumbList\",\"@id\":\"https:\\\/\\\/ineosclubhouse.com\\\/conditions-generales-de-vente\\\/#breadcrumb\",\"itemListElement\":[{\"@type\":\"ListItem\",\"position\":1,\"name\":\"Accueil\",\"item\":\"https:\\\/\\\/ineosclubhouse.com\\\/\"},{\"@type\":\"ListItem\",\"position\":2,\"name\":\"Conditions de location\"}]},{\"@type\":\"WebSite\",\"@id\":\"https:\\\/\\\/ineosclubhouse.com\\\/#website\",\"url\":\"https:\\\/\\\/ineosclubhouse.com\\\/\",\"name\":\"Ineos Club House\",\"description\":\"Station \u00e0 Courchevel\",\"potentialAction\":[{\"@type\":\"SearchAction\",\"target\":{\"@type\":\"EntryPoint\",\"urlTemplate\":\"https:\\\/\\\/ineosclubhouse.com\\\/?s={search_term_string}\"},\"query-input\":{\"@type\":\"PropertyValueSpecification\",\"valueRequired\":true,\"valueName\":\"search_term_string\"}}],\"inLanguage\":\"en-GB\"}]}<\/script>\n<!-- \/ Yoast SEO plugin. -->","yoast_head_json":{"title":"Conditions de location - Ineos Club House","robots":{"index":"index","follow":"follow","max-snippet":"max-snippet:-1","max-image-preview":"max-image-preview:large","max-video-preview":"max-video-preview:-1"},"canonical":"https:\/\/ineosclubhouse.com\/en\/conditions-generales-de-vente\/","og_locale":"en_GB","og_type":"article","og_title":"Conditions de location - Ineos Club House","og_description":"Contrat Location de salles Ineos Club House Entre les soussign\u00e9s Le bailleur\u00a0: Le Club des Sports de Courchevel, association loi 1901, inscrite au RNA sous le n\u00b0W731000184, Siret 776\u00a0495\u00a0657 00012, dont le si\u00e8ge est BP10 &#8211; 83 rue du Park City &#8211; Courchevel 1850 &#8211; 73120 Courchevel, repr\u00e9sent\u00e9e par son Pr\u00e9sident Didier Barioz, Le locataire\u00a0: [&hellip;]","og_url":"https:\/\/ineosclubhouse.com\/en\/conditions-generales-de-vente\/","og_site_name":"Ineos Club House","article_modified_time":"2022-01-21T13:08:25+00:00","twitter_card":"summary_large_image","twitter_misc":{"Estimated reading time":"5 minutes"},"schema":{"@context":"https:\/\/schema.org","@graph":[{"@type":"WebPage","@id":"https:\/\/ineosclubhouse.com\/conditions-generales-de-vente\/","url":"https:\/\/ineosclubhouse.com\/conditions-generales-de-vente\/","name":"Conditions de location - Ineos Club House","isPartOf":{"@id":"https:\/\/ineosclubhouse.com\/#website"},"datePublished":"2022-01-20T19:52:10+00:00","dateModified":"2022-01-21T13:08:25+00:00","breadcrumb":{"@id":"https:\/\/ineosclubhouse.com\/conditions-generales-de-vente\/#breadcrumb"},"inLanguage":"en-GB","potentialAction":[{"@type":"ReadAction","target":["https:\/\/ineosclubhouse.com\/conditions-generales-de-vente\/"]}]},{"@type":"BreadcrumbList","@id":"https:\/\/ineosclubhouse.com\/conditions-generales-de-vente\/#breadcrumb","itemListElement":[{"@type":"ListItem","position":1,"name":"Accueil","item":"https:\/\/ineosclubhouse.com\/"},{"@type":"ListItem","position":2,"name":"Conditions de location"}]},{"@type":"WebSite","@id":"https:\/\/ineosclubhouse.com\/#website","url":"https:\/\/ineosclubhouse.com\/","name":"Ineos Club House","description":"Resort in Courchevel","potentialAction":[{"@type":"SearchAction","target":{"@type":"EntryPoint","urlTemplate":"https:\/\/ineosclubhouse.com\/?s={search_term_string}"},"query-input":{"@type":"PropertyValueSpecification","valueRequired":true,"valueName":"search_term_string"}}],"inLanguage":"en-GB"}]}},"_links":{"self":[{"href":"https:\/\/ineosclubhouse.com\/en\/wp-json\/wp\/v2\/pages\/1620","targetHints":{"allow":["GET"]}}],"collection":[{"href":"https:\/\/ineosclubhouse.com\/en\/wp-json\/wp\/v2\/pages"}],"about":[{"href":"https:\/\/ineosclubhouse.com\/en\/wp-json\/wp\/v2\/types\/page"}],"author":[{"embeddable":true,"href":"https:\/\/ineosclubhouse.com\/en\/wp-json\/wp\/v2\/users\/2"}],"replies":[{"embeddable":true,"href":"https:\/\/ineosclubhouse.com\/en\/wp-json\/wp\/v2\/comments?post=1620"}],"version-history":[{"count":9,"href":"https:\/\/ineosclubhouse.com\/en\/wp-json\/wp\/v2\/pages\/1620\/revisions"}],"predecessor-version":[{"id":1630,"href":"https:\/\/ineosclubhouse.com\/en\/wp-json\/wp\/v2\/pages\/1620\/revisions\/1630"}],"wp:attachment":[{"href":"https:\/\/ineosclubhouse.com\/en\/wp-json\/wp\/v2\/media?parent=1620"}],"curies":[{"name":"wp","href":"https:\/\/api.w.org\/{rel}","templated":true}]}}