{"id":13,"date":"2021-11-19T13:37:19","date_gmt":"2021-11-19T12:37:19","guid":{"rendered":"https:\/\/ineosclubhouse.com\/mon-compte\/"},"modified":"2022-02-28T14:07:05","modified_gmt":"2022-02-28T13:07:05","slug":"mon-compte","status":"publish","type":"page","link":"https:\/\/ineosclubhouse.com\/en\/mon-compte\/","title":{"rendered":"My account"},"content":{"rendered":"<div data-elementor-type=\"wp-page\" data-elementor-id=\"13\" class=\"elementor elementor-13\" data-elementor-post-type=\"page\">\n\t\t\t\t\t\t<section class=\"ob-is-breaking-bad elementor-section elementor-top-section elementor-element elementor-element-681c6bc elementor-section-boxed elementor-section-height-default elementor-section-height-default\" data-id=\"681c6bc\" data-element_type=\"section\" data-e-type=\"section\" data-settings=\"{&quot;_ob_bbad_use_it&quot;:&quot;yes&quot;,&quot;_ob_bbad_sssic_use&quot;:&quot;no&quot;,&quot;_ob_glider_is_slider&quot;:&quot;no&quot;}\">\n\t\t\t\t\t\t<div class=\"elementor-container elementor-column-gap-default\">\n\t\t\t\t\t<div class=\"elementor-column elementor-col-100 elementor-top-column elementor-element elementor-element-c415b56\" data-id=\"c415b56\" data-element_type=\"column\" data-e-type=\"column\" data-settings=\"{&quot;_ob_bbad_is_stalker&quot;:&quot;no&quot;,&quot;_ob_teleporter_use&quot;:false,&quot;_ob_column_hoveranimator&quot;:&quot;no&quot;,&quot;_ob_column_has_pseudo&quot;:&quot;no&quot;}\">\n\t\t\t<div class=\"elementor-widget-wrap elementor-element-populated\">\n\t\t\t\t\t\t<div class=\"elementor-element elementor-element-337465b ob-harakiri-inherit ob-has-background-overlay elementor-widget elementor-widget-heading\" data-id=\"337465b\" data-element_type=\"widget\" data-e-type=\"widget\" data-settings=\"{&quot;_ob_use_harakiri&quot;:&quot;yes&quot;,&quot;_ob_harakiri_writing_mode&quot;:&quot;inherit&quot;,&quot;_ob_harakiri_text_clip&quot;:&quot;none&quot;,&quot;_ob_perspektive_use&quot;:&quot;no&quot;,&quot;_ob_poopart_use&quot;:&quot;yes&quot;,&quot;_ob_shadough_use&quot;:&quot;no&quot;,&quot;_ob_allow_hoveranimator&quot;:&quot;no&quot;,&quot;_ob_widget_stalker_use&quot;:&quot;no&quot;}\" data-widget_type=\"heading.default\">\n\t\t\t\t<div class=\"elementor-widget-container\">\n\t\t\t\t\t<h2 class=\"elementor-heading-title elementor-size-default\">Welcome to your account<\/h2>\t\t\t\t<\/div>\n\t\t\t\t<\/div>\n\t\t\t\t<div class=\"elementor-element elementor-element-1ef2f6e e-my-account-tabs-vertical ob-has-background-overlay elementor-widget elementor-widget-woocommerce-my-account\" data-id=\"1ef2f6e\" data-element_type=\"widget\" data-e-type=\"widget\" data-settings=\"{&quot;_ob_perspektive_use&quot;:&quot;no&quot;,&quot;_ob_poopart_use&quot;:&quot;yes&quot;,&quot;_ob_shadough_use&quot;:&quot;no&quot;,&quot;_ob_allow_hoveranimator&quot;:&quot;no&quot;,&quot;_ob_widget_stalker_use&quot;:&quot;no&quot;}\" data-widget_type=\"woocommerce-my-account.default\">\n\t\t\t\t<div class=\"elementor-widget-container\">\n\t\t\t\t\t<div class=\"e-my-account-tab e-my-account-tab__\">\t\t\t<div class=\"woocommerce\"><\/div>\t\t<\/div>\n\t\t\t\t\t\t<\/div>\n\t\t\t\t<\/div>\n\t\t\t\t\t<\/div>\n\t\t<\/div>\n\t\t\t\t\t<\/div>\n\t\t<\/section>\n\t\t\t\t<\/div>","protected":false},"excerpt":{"rendered":"<p>Bienvenue sur votre compte Dashboard Mes commandes Mes t\u00e9l\u00e9chargements Mes adresses D\u00e9tails du compte D\u00e9connexion Bonjour JGH-ADMIN (vous n\u2019\u00eates pas JGH-ADMIN\u00a0? D\u00e9connexion) \u00c0 partir du tableau de bord de votre compte, vous pouvez visualiser vos commandes r\u00e9centes, g\u00e9rer vos adresses de livraison et de facturation ainsi que changer votre mot de passe et les d\u00e9tails [&hellip;]<\/p>\n","protected":false},"author":1,"featured_media":0,"parent":0,"menu_order":0,"comment_status":"closed","ping_status":"closed","template":"","meta":{"_acf_changed":false,"footnotes":""},"class_list":["post-13","page","type-page","status-publish","hentry"],"acf":[],"yoast_head":"<!-- This site is optimized with the Yoast SEO plugin v27.4 - https:\/\/yoast.com\/product\/yoast-seo-wordpress\/ -->\n<title>Mon compte - Ineos Club House<\/title>\n<meta name=\"robots\" content=\"index, follow, max-snippet:-1, max-image-preview:large, max-video-preview:-1\" \/>\n<link rel=\"canonical\" href=\"https:\/\/ineosclubhouse.com\/en\/mon-compte\/\" \/>\n<meta property=\"og:locale\" content=\"en_GB\" \/>\n<meta property=\"og:type\" content=\"article\" \/>\n<meta property=\"og:title\" content=\"Mon compte - Ineos Club House\" \/>\n<meta property=\"og:description\" content=\"Bienvenue sur votre compte Dashboard Mes commandes Mes t\u00e9l\u00e9chargements Mes adresses D\u00e9tails du compte D\u00e9connexion Bonjour JGH-ADMIN (vous n\u2019\u00eates pas JGH-ADMIN\u00a0? D\u00e9connexion) \u00c0 partir du tableau de bord de votre compte, vous pouvez visualiser vos commandes r\u00e9centes, g\u00e9rer vos adresses de livraison et de facturation ainsi que changer votre mot de passe et les d\u00e9tails [&hellip;]\" \/>\n<meta property=\"og:url\" content=\"https:\/\/ineosclubhouse.com\/en\/mon-compte\/\" \/>\n<meta property=\"og:site_name\" content=\"Ineos Club House\" \/>\n<meta property=\"article:modified_time\" content=\"2022-02-28T13:07:05+00:00\" \/>\n<meta name=\"twitter:card\" content=\"summary_large_image\" \/>\n<meta name=\"twitter:label1\" content=\"Estimated reading time\" \/>\n\t<meta name=\"twitter:data1\" content=\"1 minute\" \/>\n<script type=\"application\/ld+json\" class=\"yoast-schema-graph\">{\"@context\":\"https:\\\/\\\/schema.org\",\"@graph\":[{\"@type\":\"WebPage\",\"@id\":\"https:\\\/\\\/ineosclubhouse.com\\\/mon-compte\\\/\",\"url\":\"https:\\\/\\\/ineosclubhouse.com\\\/mon-compte\\\/\",\"name\":\"Mon compte - Ineos Club House\",\"isPartOf\":{\"@id\":\"https:\\\/\\\/ineosclubhouse.com\\\/#website\"},\"datePublished\":\"2021-11-19T12:37:19+00:00\",\"dateModified\":\"2022-02-28T13:07:05+00:00\",\"breadcrumb\":{\"@id\":\"https:\\\/\\\/ineosclubhouse.com\\\/mon-compte\\\/#breadcrumb\"},\"inLanguage\":\"en-GB\",\"potentialAction\":[{\"@type\":\"ReadAction\",\"target\":[\"https:\\\/\\\/ineosclubhouse.com\\\/mon-compte\\\/\"]}]},{\"@type\":\"BreadcrumbList\",\"@id\":\"https:\\\/\\\/ineosclubhouse.com\\\/mon-compte\\\/#breadcrumb\",\"itemListElement\":[{\"@type\":\"ListItem\",\"position\":1,\"name\":\"Accueil\",\"item\":\"https:\\\/\\\/ineosclubhouse.com\\\/\"},{\"@type\":\"ListItem\",\"position\":2,\"name\":\"Mon compte\"}]},{\"@type\":\"WebSite\",\"@id\":\"https:\\\/\\\/ineosclubhouse.com\\\/#website\",\"url\":\"https:\\\/\\\/ineosclubhouse.com\\\/\",\"name\":\"Ineos Club House\",\"description\":\"Station \u00e0 Courchevel\",\"potentialAction\":[{\"@type\":\"SearchAction\",\"target\":{\"@type\":\"EntryPoint\",\"urlTemplate\":\"https:\\\/\\\/ineosclubhouse.com\\\/?s={search_term_string}\"},\"query-input\":{\"@type\":\"PropertyValueSpecification\",\"valueRequired\":true,\"valueName\":\"search_term_string\"}}],\"inLanguage\":\"en-GB\"}]}<\/script>\n<!-- \/ Yoast SEO plugin. -->","yoast_head_json":{"title":"Mon compte - Ineos Club House","robots":{"index":"index","follow":"follow","max-snippet":"max-snippet:-1","max-image-preview":"max-image-preview:large","max-video-preview":"max-video-preview:-1"},"canonical":"https:\/\/ineosclubhouse.com\/en\/mon-compte\/","og_locale":"en_GB","og_type":"article","og_title":"Mon compte - Ineos Club House","og_description":"Bienvenue sur votre compte Dashboard Mes commandes Mes t\u00e9l\u00e9chargements Mes adresses D\u00e9tails du compte D\u00e9connexion Bonjour JGH-ADMIN (vous n\u2019\u00eates pas JGH-ADMIN\u00a0? D\u00e9connexion) \u00c0 partir du tableau de bord de votre compte, vous pouvez visualiser vos commandes r\u00e9centes, g\u00e9rer vos adresses de livraison et de facturation ainsi que changer votre mot de passe et les d\u00e9tails [&hellip;]","og_url":"https:\/\/ineosclubhouse.com\/en\/mon-compte\/","og_site_name":"Ineos Club House","article_modified_time":"2022-02-28T13:07:05+00:00","twitter_card":"summary_large_image","twitter_misc":{"Estimated reading time":"1 minute"},"schema":{"@context":"https:\/\/schema.org","@graph":[{"@type":"WebPage","@id":"https:\/\/ineosclubhouse.com\/mon-compte\/","url":"https:\/\/ineosclubhouse.com\/mon-compte\/","name":"Mon compte - Ineos Club House","isPartOf":{"@id":"https:\/\/ineosclubhouse.com\/#website"},"datePublished":"2021-11-19T12:37:19+00:00","dateModified":"2022-02-28T13:07:05+00:00","breadcrumb":{"@id":"https:\/\/ineosclubhouse.com\/mon-compte\/#breadcrumb"},"inLanguage":"en-GB","potentialAction":[{"@type":"ReadAction","target":["https:\/\/ineosclubhouse.com\/mon-compte\/"]}]},{"@type":"BreadcrumbList","@id":"https:\/\/ineosclubhouse.com\/mon-compte\/#breadcrumb","itemListElement":[{"@type":"ListItem","position":1,"name":"Accueil","item":"https:\/\/ineosclubhouse.com\/"},{"@type":"ListItem","position":2,"name":"Mon compte"}]},{"@type":"WebSite","@id":"https:\/\/ineosclubhouse.com\/#website","url":"https:\/\/ineosclubhouse.com\/","name":"Ineos Club House","description":"Resort in Courchevel","potentialAction":[{"@type":"SearchAction","target":{"@type":"EntryPoint","urlTemplate":"https:\/\/ineosclubhouse.com\/?s={search_term_string}"},"query-input":{"@type":"PropertyValueSpecification","valueRequired":true,"valueName":"search_term_string"}}],"inLanguage":"en-GB"}]}},"_links":{"self":[{"href":"https:\/\/ineosclubhouse.com\/en\/wp-json\/wp\/v2\/pages\/13","targetHints":{"allow":["GET"]}}],"collection":[{"href":"https:\/\/ineosclubhouse.com\/en\/wp-json\/wp\/v2\/pages"}],"about":[{"href":"https:\/\/ineosclubhouse.com\/en\/wp-json\/wp\/v2\/types\/page"}],"author":[{"embeddable":true,"href":"https:\/\/ineosclubhouse.com\/en\/wp-json\/wp\/v2\/users\/1"}],"replies":[{"embeddable":true,"href":"https:\/\/ineosclubhouse.com\/en\/wp-json\/wp\/v2\/comments?post=13"}],"version-history":[{"count":12,"href":"https:\/\/ineosclubhouse.com\/en\/wp-json\/wp\/v2\/pages\/13\/revisions"}],"predecessor-version":[{"id":2144,"href":"https:\/\/ineosclubhouse.com\/en\/wp-json\/wp\/v2\/pages\/13\/revisions\/2144"}],"wp:attachment":[{"href":"https:\/\/ineosclubhouse.com\/en\/wp-json\/wp\/v2\/media?parent=13"}],"curies":[{"name":"wp","href":"https:\/\/api.w.org\/{rel}","templated":true}]}}